{"id":18391,"date":"2022-05-24T10:36:57","date_gmt":"2022-05-24T08:36:57","guid":{"rendered":"https:\/\/timewaver.com\/academy\/online-training\/"},"modified":"2025-11-13T12:08:05","modified_gmt":"2025-11-13T11:08:05","slug":"online-training","status":"publish","type":"page","link":"https:\/\/timewaver.com\/academy\/de\/online-training\/","title":{"rendered":"Online-Training"},"content":{"rendered":"\t\t<div data-elementor-type=\"wp-page\" data-elementor-id=\"18391\" class=\"elementor elementor-18391 elementor-9321\" data-elementor-post-type=\"page\">\n\t\t\t\t\t\t<section class=\"elementor-section elementor-top-section elementor-element elementor-element-70fa0c45 elementor-hidden-desktop elementor-hidden-tablet elementor-section-boxed elementor-section-height-default elementor-section-height-default\" data-id=\"70fa0c45\" data-element_type=\"section\" data-e-type=\"section\">\n\t\t\t\t\t\t<div class=\"elementor-container elementor-column-gap-default\">\n\t\t\t\t\t<div class=\"elementor-column elementor-col-100 elementor-top-column elementor-element elementor-element-1cb11d4b\" data-id=\"1cb11d4b\" data-element_type=\"column\" data-e-type=\"column\">\n\t\t\t<div class=\"elementor-widget-wrap elementor-element-populated\">\n\t\t\t\t\t\t<div class=\"elementor-element elementor-element-416556a4 elementor-widget elementor-widget-image\" data-id=\"416556a4\" data-element_type=\"widget\" data-e-type=\"widget\" data-widget_type=\"image.default\">\n\t\t\t\t<div class=\"elementor-widget-container\">\n\t\t\t\t\t\t\t\t\t\t\t\t\t\t\t<img fetchpriority=\"high\" decoding=\"async\" width=\"800\" height=\"417\" src=\"https:\/\/timewaver.com\/academy\/wp-content\/uploads\/sites\/5\/2022\/08\/Header-Mobil_Teaching_Seite1.jpg\" class=\"attachment-large size-large wp-image-17746\" alt=\"\" srcset=\"https:\/\/timewaver.com\/academy\/wp-content\/uploads\/sites\/5\/2022\/08\/Header-Mobil_Teaching_Seite1.jpg 800w, https:\/\/timewaver.com\/academy\/wp-content\/uploads\/sites\/5\/2022\/08\/Header-Mobil_Teaching_Seite1-300x156.jpg 300w, https:\/\/timewaver.com\/academy\/wp-content\/uploads\/sites\/5\/2022\/08\/Header-Mobil_Teaching_Seite1-768x400.jpg 768w\" sizes=\"(max-width: 800px) 100vw, 800px\" \/>\t\t\t\t\t\t\t\t\t\t\t\t\t\t\t<\/div>\n\t\t\t\t<\/div>\n\t\t\t\t\t<\/div>\n\t\t<\/div>\n\t\t\t\t\t<\/div>\n\t\t<\/section>\n\t\t\t\t<section class=\"elementor-section elementor-top-section elementor-element elementor-element-425e96dc elementor-section-content-bottom elementor-section-boxed elementor-section-height-default elementor-section-height-default\" data-id=\"425e96dc\" data-element_type=\"section\" data-e-type=\"section\">\n\t\t\t\t\t\t<div class=\"elementor-container elementor-column-gap-default\">\n\t\t\t\t\t<div class=\"elementor-column elementor-col-100 elementor-top-column elementor-element elementor-element-6a4d3da0\" data-id=\"6a4d3da0\" data-element_type=\"column\" data-e-type=\"column\" data-settings=\"{&quot;background_background&quot;:&quot;classic&quot;}\">\n\t\t\t<div class=\"elementor-widget-wrap elementor-element-populated\">\n\t\t\t\t\t\t<div class=\"elementor-element elementor-element-307a0994 headline elementor-widget elementor-widget-text-editor\" data-id=\"307a0994\" data-element_type=\"widget\" data-e-type=\"widget\" data-widget_type=\"text-editor.default\">\n\t\t\t\t<div class=\"elementor-widget-container\">\n\t\t\t\t\t\t\t\t\t<h1>Online-Training<\/h1>\n\t\t\t\t\t\t\t\t<\/div>\n\t\t\t\t<\/div>\n\t\t\t\t<div class=\"elementor-element elementor-element-766e22b headline elementor-widget elementor-widget-text-editor\" data-id=\"766e22b\" data-element_type=\"widget\" data-e-type=\"widget\" data-widget_type=\"text-editor.default\">\n\t\t\t\t<div class=\"elementor-widget-container\">\n\t\t\t\t\t\t\t\t\t<h2>f\u00fcr TimeWaver-Anwender<\/h2>\n\t\t\t\t\t\t\t\t<\/div>\n\t\t\t\t<\/div>\n\t\t\t\t\t<\/div>\n\t\t<\/div>\n\t\t\t\t\t<\/div>\n\t\t<\/section>\n\t\t\t\t<section class=\"elementor-section elementor-top-section elementor-element elementor-element-1eada94 elementor-section-boxed elementor-section-height-default elementor-section-height-default\" data-id=\"1eada94\" data-element_type=\"section\" data-e-type=\"section\">\n\t\t\t\t\t\t<div class=\"elementor-container elementor-column-gap-default\">\n\t\t\t\t\t<div class=\"elementor-column elementor-col-50 elementor-top-column elementor-element elementor-element-88b6695\" data-id=\"88b6695\" data-element_type=\"column\" data-e-type=\"column\">\n\t\t\t<div class=\"elementor-widget-wrap elementor-element-populated\">\n\t\t\t\t\t\t<div class=\"elementor-element elementor-element-5238057 elementor-widget elementor-widget-text-editor\" data-id=\"5238057\" data-element_type=\"widget\" data-e-type=\"widget\" data-widget_type=\"text-editor.default\">\n\t\t\t\t<div class=\"elementor-widget-container\">\n\t\t\t\t\t\t\t\t\t<h6>Ihr Wissensvorsprung<\/h6>\n\t\t\t\t\t\t\t\t<\/div>\n\t\t\t\t<\/div>\n\t\t\t\t<div class=\"elementor-element elementor-element-c1f93a5 elementor-widget elementor-widget-text-editor\" data-id=\"c1f93a5\" data-element_type=\"widget\" data-e-type=\"widget\" data-widget_type=\"text-editor.default\">\n\t\t\t\t<div class=\"elementor-widget-container\">\n\t\t\t\t\t\t\t\t\t<p>Die professionelle Nutzung der TimeWaver-Systeme erfordert vor allem t\u00e4gliche \u00dcbung und st\u00e4ndiges Lernen. Wir unterst\u00fctzen Sie gerne bei Ihren t\u00e4glichen Herausforderungen!<\/p>\n<p>Unser digitales Trainingsformat und die leicht verst\u00e4ndlichen Trainingseinheiten machen den Erwerb neuen Wissens einfach und spannend.<\/p>\n\t\t\t\t\t\t\t\t<\/div>\n\t\t\t\t<\/div>\n\t\t\t\t<div class=\"elementor-element elementor-element-238e868c elementor-hidden-mobile elementor-widget elementor-widget-image\" data-id=\"238e868c\" data-element_type=\"widget\" data-e-type=\"widget\" data-widget_type=\"image.default\">\n\t\t\t\t<div class=\"elementor-widget-container\">\n\t\t\t\t\t\t\t\t\t\t\t\t\t\t\t<img decoding=\"async\" width=\"800\" height=\"144\" src=\"https:\/\/timewaver.com\/academy\/wp-content\/uploads\/sites\/5\/2022\/08\/i-Icon.png\" class=\"attachment-large size-large wp-image-17749\" alt=\"\" srcset=\"https:\/\/timewaver.com\/academy\/wp-content\/uploads\/sites\/5\/2022\/08\/i-Icon.png 800w, https:\/\/timewaver.com\/academy\/wp-content\/uploads\/sites\/5\/2022\/08\/i-Icon-300x54.png 300w, https:\/\/timewaver.com\/academy\/wp-content\/uploads\/sites\/5\/2022\/08\/i-Icon-768x138.png 768w\" sizes=\"(max-width: 800px) 100vw, 800px\" \/>\t\t\t\t\t\t\t\t\t\t\t\t\t\t\t<\/div>\n\t\t\t\t<\/div>\n\t\t\t\t<div class=\"elementor-element elementor-element-dda9c62 elementor-hidden-mobile elementor-widget elementor-widget-text-editor\" data-id=\"dda9c62\" data-element_type=\"widget\" data-e-type=\"widget\" data-settings=\"{&quot;display_condition_enable&quot;:&quot;yes&quot;}\" data-widget_type=\"text-editor.default\">\n\t\t\t\t<div class=\"elementor-widget-container\">\n\t\t\t\t\t\t\t\t\t<h3>Bitte beachten Sie:<\/h3>\n<p>Das aktuelle Online-Schulungsprogramm f\u00fcr die TimeWaver-Systeme steht Ihnen nach erfolgreichem Login in vollem Umfang zur Verf\u00fcgung.<\/p>\n\t\t\t\t\t\t\t\t<\/div>\n\t\t\t\t<\/div>\n\t\t\t\t<div class=\"elementor-element elementor-element-ff33287 elementor-align-center elementor-hidden-mobile elementor-widget elementor-widget-button\" data-id=\"ff33287\" data-element_type=\"widget\" data-e-type=\"widget\" data-settings=\"{&quot;display_condition_enable&quot;:&quot;yes&quot;}\" data-widget_type=\"button.default\">\n\t\t\t\t<div class=\"elementor-widget-container\">\n\t\t\t\t\t\t\t\t\t<div class=\"elementor-button-wrapper\">\n\t\t\t\t\t<a class=\"elementor-button elementor-button-link elementor-size-sm\" href=\"#elementor-action%3Aaction%3Dpopup%3Aopen%26settings%3DeyJpZCI6MTg1NjgsInRvZ2dsZSI6ZmFsc2V9\">\n\t\t\t\t\t\t<span class=\"elementor-button-content-wrapper\">\n\t\t\t\t\t\t\t\t\t<span class=\"elementor-button-text\">Login &gt;<\/span>\n\t\t\t\t\t<\/span>\n\t\t\t\t\t<\/a>\n\t\t\t\t<\/div>\n\t\t\t\t\t\t\t\t<\/div>\n\t\t\t\t<\/div>\n\t\t\t\t\t<\/div>\n\t\t<\/div>\n\t\t\t\t<div class=\"elementor-column elementor-col-50 elementor-top-column elementor-element elementor-element-41cb4ed\" data-id=\"41cb4ed\" data-element_type=\"column\" data-e-type=\"column\">\n\t\t\t<div class=\"elementor-widget-wrap elementor-element-populated\">\n\t\t\t\t\t\t<div class=\"elementor-element elementor-element-0ac1f6c elementor-widget elementor-widget-text-editor\" data-id=\"0ac1f6c\" data-element_type=\"widget\" data-e-type=\"widget\" data-widget_type=\"text-editor.default\">\n\t\t\t\t<div class=\"elementor-widget-container\">\n\t\t\t\t\t\t\t\t\t<h6>Ein breites Spektrum an Lerninhalten<\/h6>\n\t\t\t\t\t\t\t\t<\/div>\n\t\t\t\t<\/div>\n\t\t\t\t<div class=\"elementor-element elementor-element-af6ecd9 elementor-widget elementor-widget-text-editor\" data-id=\"af6ecd9\" data-element_type=\"widget\" data-e-type=\"widget\" data-widget_type=\"text-editor.default\">\n\t\t\t\t<div class=\"elementor-widget-container\">\n\t\t\t\t\t\t\t\t\t<p>Die TimeWaver Online Academy bietet f\u00fcr jedes TimeWaver-System spezielle Kurse, die Sie individuell ausw\u00e4hlen k\u00f6nnen. Zus\u00e4tzlich zu den Basiskursen sind auch Webinar- und Seminaraufzeichnungen zu verschiedenen Themen verf\u00fcgbar.<\/p>\n<p>Alle Inhalte werden in kurzen Schulungsvideos pr\u00e4sentiert, die Sie sich w\u00e4hrend der Arbeit mit Ihrem eigenen System mehrmals ansehen k\u00f6nnen. Zus\u00e4tzlich gibt es am Ende jeder Schulungseinheit kurze \u00dcbungen, mit denen Sie die Inhalte festigen und Ihr eigenes Wissen \u00fcberpr\u00fcfen k\u00f6nnen.<\/p>\n\t\t\t\t\t\t\t\t<\/div>\n\t\t\t\t<\/div>\n\t\t\t\t<div class=\"elementor-element elementor-element-1b1fb90 elementor-widget elementor-widget-text-editor\" data-id=\"1b1fb90\" data-element_type=\"widget\" data-e-type=\"widget\" data-widget_type=\"text-editor.default\">\n\t\t\t\t<div class=\"elementor-widget-container\">\n\t\t\t\t\t\t\t\t\t<h3>Hier finden Sie das aktuelle Online-Schulungsprogramm f\u00fcr die TimeWaver-Systeme.<\/h3>\n<ul>\n<li>TimeWaver Pro<\/li>\n<li>TimeWaver Frequency<\/li>\n<li>TimeWaver Frequency McMakin<\/li>\n<li>TimeWaver BIZ<\/li>\n<li>RealTimeWaver<\/li>\n<li>TimeWaver World Kongresse<\/li>\n<li>Wiederverk\u00e4uferschulungen<\/li>\n<li>Mitarbeiterschulungen<\/li>\n<\/ul>\n\t\t\t\t\t\t\t\t<\/div>\n\t\t\t\t<\/div>\n\t\t\t\t\t<\/div>\n\t\t<\/div>\n\t\t\t\t\t<\/div>\n\t\t<\/section>\n\t\t\t\t<section class=\"elementor-section elementor-top-section elementor-element elementor-element-9ac72dd elementor-hidden-desktop elementor-hidden-tablet elementor-section-boxed elementor-section-height-default elementor-section-height-default\" data-id=\"9ac72dd\" data-element_type=\"section\" data-e-type=\"section\">\n\t\t\t\t\t\t<div class=\"elementor-container elementor-column-gap-default\">\n\t\t\t\t\t<div class=\"elementor-column elementor-col-100 elementor-top-column elementor-element elementor-element-e4f2cd8\" data-id=\"e4f2cd8\" data-element_type=\"column\" data-e-type=\"column\">\n\t\t\t<div class=\"elementor-widget-wrap elementor-element-populated\">\n\t\t\t\t\t\t<div class=\"elementor-element elementor-element-9c655b4 elementor-hidden-desktop elementor-hidden-tablet elementor-widget elementor-widget-image\" data-id=\"9c655b4\" data-element_type=\"widget\" data-e-type=\"widget\" data-widget_type=\"image.default\">\n\t\t\t\t<div class=\"elementor-widget-container\">\n\t\t\t\t\t\t\t\t\t\t\t\t\t\t\t<img decoding=\"async\" width=\"800\" height=\"167\" src=\"https:\/\/timewaver.com\/academy\/wp-content\/uploads\/sites\/5\/2022\/08\/i-Icon-Mobil.png\" class=\"attachment-large size-large wp-image-17747\" alt=\"\" srcset=\"https:\/\/timewaver.com\/academy\/wp-content\/uploads\/sites\/5\/2022\/08\/i-Icon-Mobil.png 800w, https:\/\/timewaver.com\/academy\/wp-content\/uploads\/sites\/5\/2022\/08\/i-Icon-Mobil-300x63.png 300w, https:\/\/timewaver.com\/academy\/wp-content\/uploads\/sites\/5\/2022\/08\/i-Icon-Mobil-768x160.png 768w\" sizes=\"(max-width: 800px) 100vw, 800px\" \/>\t\t\t\t\t\t\t\t\t\t\t\t\t\t\t<\/div>\n\t\t\t\t<\/div>\n\t\t\t\t<div class=\"elementor-element elementor-element-994db86 elementor-hidden-desktop elementor-hidden-tablet elementor-widget elementor-widget-text-editor\" data-id=\"994db86\" data-element_type=\"widget\" data-e-type=\"widget\" data-settings=\"{&quot;display_condition_enable&quot;:&quot;yes&quot;}\" data-widget_type=\"text-editor.default\">\n\t\t\t\t<div class=\"elementor-widget-container\">\n\t\t\t\t\t\t\t\t\t<h3>Bitte beachten Sie:<\/h3>\n<p>Das aktuelle Online-Trainningsprogramm f\u00fcr die TimeWaver-Systeme steht Ihnen nach erfolgreichem Login in vollem Umfang zur Verf\u00fcgung.<\/p>\n\t\t\t\t\t\t\t\t<\/div>\n\t\t\t\t<\/div>\n\t\t\t\t<div class=\"elementor-element elementor-element-9cd763b elementor-align-center elementor-hidden-desktop elementor-hidden-tablet elementor-widget elementor-widget-button\" data-id=\"9cd763b\" data-element_type=\"widget\" data-e-type=\"widget\" data-settings=\"{&quot;display_condition_enable&quot;:&quot;yes&quot;}\" data-widget_type=\"button.default\">\n\t\t\t\t<div class=\"elementor-widget-container\">\n\t\t\t\t\t\t\t\t\t<div class=\"elementor-button-wrapper\">\n\t\t\t\t\t<a class=\"elementor-button elementor-button-link elementor-size-sm\" href=\"#elementor-action%3Aaction%3Dpopup%3Aopen%26settings%3DeyJpZCI6MTg1NjgsInRvZ2dsZSI6ZmFsc2V9\">\n\t\t\t\t\t\t<span class=\"elementor-button-content-wrapper\">\n\t\t\t\t\t\t\t\t\t<span class=\"elementor-button-text\">Login &gt;<\/span>\n\t\t\t\t\t<\/span>\n\t\t\t\t\t<\/a>\n\t\t\t\t<\/div>\n\t\t\t\t\t\t\t\t<\/div>\n\t\t\t\t<\/div>\n\t\t\t\t\t<\/div>\n\t\t<\/div>\n\t\t\t\t\t<\/div>\n\t\t<\/section>\n\t\t\t\t<\/div>\n\t\t","protected":false},"excerpt":{"rendered":"<p>Online-Training f\u00fcr TimeWaver-Anwender Ihr Wissensvorsprung Die professionelle Nutzung der TimeWaver-Systeme erfordert vor allem t\u00e4gliche \u00dcbung und st\u00e4ndiges Lernen. Wir unterst\u00fctzen Sie gerne bei Ihren t\u00e4glichen Herausforderungen! Unser digitales Trainingsformat und [&hellip;]<\/p>\n","protected":false},"author":2,"featured_media":0,"parent":0,"menu_order":0,"comment_status":"closed","ping_status":"closed","template":"","meta":{"_acf_changed":false,"site-sidebar-layout":"no-sidebar","site-content-layout":"page-builder","ast-site-content-layout":"full-width-container","site-content-style":"unboxed","site-sidebar-style":"unboxed","ast-global-header-display":"","ast-banner-title-visibility":"","ast-main-header-display":"","ast-hfb-above-header-display":"","ast-hfb-below-header-display":"","ast-hfb-mobile-header-display":"","site-post-title":"disabled","ast-breadcrumbs-content":"","ast-featured-img":"disabled","footer-sml-layout":"","theme-transparent-header-meta":"default","adv-header-id-meta":"","stick-header-meta":"","header-above-stick-meta":"","header-main-stick-meta":"","header-below-stick-meta":"","astra-migrate-meta-layouts":"set","ast-page-background-enabled":"default","ast-page-background-meta":{"desktop":{"background-color":"var(--ast-global-color-4)","background-image":"","background-repeat":"repeat","background-position":"center center","background-size":"auto","background-attachment":"scroll","background-type":"","background-media":"","overlay-type":"","overlay-color":"","overlay-opacity":"","overlay-gradient":""},"tablet":{"background-color":"","background-image":"","background-repeat":"repeat","background-position":"center center","background-size":"auto","background-attachment":"scroll","background-type":"","background-media":"","overlay-type":"","overlay-color":"","overlay-opacity":"","overlay-gradient":""},"mobile":{"background-color":"","background-image":"","background-repeat":"repeat","background-position":"center center","background-size":"auto","background-attachment":"scroll","background-type":"","background-media":"","overlay-type":"","overlay-color":"","overlay-opacity":"","overlay-gradient":""}},"ast-content-background-meta":{"desktop":{"background-color":"var(--ast-global-color-5)","background-image":"","background-repeat":"repeat","background-position":"center center","background-size":"auto","background-attachment":"scroll","background-type":"","background-media":"","overlay-type":"","overlay-color":"","overlay-opacity":"","overlay-gradient":""},"tablet":{"background-color":"var(--ast-global-color-5)","background-image":"","background-repeat":"repeat","background-position":"center center","background-size":"auto","background-attachment":"scroll","background-type":"","background-media":"","overlay-type":"","overlay-color":"","overlay-opacity":"","overlay-gradient":""},"mobile":{"background-color":"var(--ast-global-color-5)","background-image":"","background-repeat":"repeat","background-position":"center center","background-size":"auto","background-attachment":"scroll","background-type":"","background-media":"","overlay-type":"","overlay-color":"","overlay-opacity":"","overlay-gradient":""}},"_price":"","_stock":"","_tribe_ticket_header":"","_tribe_default_ticket_provider":"Tribe__Tickets_Plus__Commerce__WooCommerce__Main","_tribe_ticket_capacity":"0","_ticket_start_date":"","_ticket_end_date":"","_tribe_ticket_show_description":"","_tribe_ticket_show_not_going":false,"_tribe_ticket_use_global_stock":"","_tribe_ticket_global_stock_level":"","_global_stock_mode":"","_global_stock_cap":"","_tribe_rsvp_for_event":"","_tribe_ticket_going_count":"","_tribe_ticket_not_going_count":"","_tribe_tickets_list":"[]","_tribe_ticket_has_attendee_info_fields":false,"footnotes":"","_tec_slr_enabled":"","_tec_slr_layout":""},"class_list":["post-18391","page","type-page","status-publish","hentry"],"acf":[],"yoast_head":"<!-- This site is optimized with the Yoast SEO plugin v25.4 - https:\/\/yoast.com\/wordpress\/plugins\/seo\/ -->\n<title>Online-Training - TimeWaver Academy<\/title>\n<meta name=\"description\" content=\"Entdecke das Online-Training der TimeWaver Academy \u2013 flexible, praxisnahe Schulungen, Webinare und Kurse f\u00fcr Therapeuten, Coaches und Anwender.\" \/>\n<meta name=\"robots\" content=\"index, follow, max-snippet:-1, max-image-preview:large, max-video-preview:-1\" \/>\n<link rel=\"canonical\" href=\"https:\/\/timewaver.com\/academy\/de\/online-training\/\" \/>\n<meta property=\"og:locale\" content=\"de_DE\" \/>\n<meta property=\"og:type\" content=\"article\" \/>\n<meta property=\"og:title\" content=\"Online-Training - TimeWaver Academy\" \/>\n<meta property=\"og:description\" content=\"Entdecke das Online-Training der TimeWaver Academy \u2013 flexible, praxisnahe Schulungen, Webinare und Kurse f\u00fcr Therapeuten, Coaches und Anwender.\" \/>\n<meta property=\"og:url\" content=\"https:\/\/timewaver.com\/academy\/de\/online-training\/\" \/>\n<meta property=\"og:site_name\" content=\"TimeWaver Academy\" \/>\n<meta property=\"article:modified_time\" content=\"2025-11-13T11:08:05+00:00\" \/>\n<meta property=\"og:image\" content=\"https:\/\/timewaver.com\/academy\/wp-content\/uploads\/sites\/5\/2022\/08\/Header-Mobil_Teaching_Seite1.jpg\" \/>\n<meta name=\"twitter:card\" content=\"summary_large_image\" \/>\n<meta name=\"twitter:label1\" content=\"Gesch\u00e4tzte Lesezeit\" \/>\n\t<meta name=\"twitter:data1\" content=\"5\u00a0Minuten\" \/>\n<script type=\"application\/ld+json\" class=\"yoast-schema-graph\">{\"@context\":\"https:\/\/schema.org\",\"@graph\":[{\"@type\":\"WebPage\",\"@id\":\"https:\/\/timewaver.com\/academy\/de\/online-training\/\",\"url\":\"https:\/\/timewaver.com\/academy\/de\/online-training\/\",\"name\":\"Online-Training - TimeWaver Academy\",\"isPartOf\":{\"@id\":\"https:\/\/timewaver.com\/academy\/de\/#website\"},\"primaryImageOfPage\":{\"@id\":\"https:\/\/timewaver.com\/academy\/de\/online-training\/#primaryimage\"},\"image\":{\"@id\":\"https:\/\/timewaver.com\/academy\/de\/online-training\/#primaryimage\"},\"thumbnailUrl\":\"https:\/\/timewaver.com\/academy\/wp-content\/uploads\/sites\/5\/2022\/08\/Header-Mobil_Teaching_Seite1.jpg\",\"datePublished\":\"2022-05-24T08:36:57+00:00\",\"dateModified\":\"2025-11-13T11:08:05+00:00\",\"description\":\"Entdecke das Online-Training der TimeWaver Academy \u2013 flexible, praxisnahe Schulungen, Webinare und Kurse f\u00fcr Therapeuten, Coaches und Anwender.\",\"breadcrumb\":{\"@id\":\"https:\/\/timewaver.com\/academy\/de\/online-training\/#breadcrumb\"},\"inLanguage\":\"de\",\"potentialAction\":[{\"@type\":\"ReadAction\",\"target\":[\"https:\/\/timewaver.com\/academy\/de\/online-training\/\"]}]},{\"@type\":\"ImageObject\",\"inLanguage\":\"de\",\"@id\":\"https:\/\/timewaver.com\/academy\/de\/online-training\/#primaryimage\",\"url\":\"https:\/\/timewaver.com\/academy\/wp-content\/uploads\/sites\/5\/2022\/08\/Header-Mobil_Teaching_Seite1.jpg\",\"contentUrl\":\"https:\/\/timewaver.com\/academy\/wp-content\/uploads\/sites\/5\/2022\/08\/Header-Mobil_Teaching_Seite1.jpg\"},{\"@type\":\"BreadcrumbList\",\"@id\":\"https:\/\/timewaver.com\/academy\/de\/online-training\/#breadcrumb\",\"itemListElement\":[{\"@type\":\"ListItem\",\"position\":1,\"name\":\"Home\",\"item\":\"https:\/\/timewaver.com\/academy\/de\/\"},{\"@type\":\"ListItem\",\"position\":2,\"name\":\"Online-Training\"}]},{\"@type\":\"WebSite\",\"@id\":\"https:\/\/timewaver.com\/academy\/de\/#website\",\"url\":\"https:\/\/timewaver.com\/academy\/de\/\",\"name\":\"TimeWaver Academy\",\"description\":\"\",\"publisher\":{\"@id\":\"https:\/\/timewaver.com\/academy\/de\/#organization\"},\"potentialAction\":[{\"@type\":\"SearchAction\",\"target\":{\"@type\":\"EntryPoint\",\"urlTemplate\":\"https:\/\/timewaver.com\/academy\/de\/?s={search_term_string}\"},\"query-input\":{\"@type\":\"PropertyValueSpecification\",\"valueRequired\":true,\"valueName\":\"search_term_string\"}}],\"inLanguage\":\"de\"},{\"@type\":\"Organization\",\"@id\":\"https:\/\/timewaver.com\/academy\/de\/#organization\",\"name\":\"TimeWaver Academy\",\"url\":\"https:\/\/timewaver.com\/academy\/de\/\",\"logo\":{\"@type\":\"ImageObject\",\"inLanguage\":\"de\",\"@id\":\"https:\/\/timewaver.com\/academy\/de\/#\/schema\/logo\/image\/\",\"url\":\"https:\/\/timewaver.com\/academy\/wp-content\/uploads\/sites\/5\/2021\/11\/TW_Sonderlogo.svg\",\"contentUrl\":\"https:\/\/timewaver.com\/academy\/wp-content\/uploads\/sites\/5\/2021\/11\/TW_Sonderlogo.svg\",\"width\":234,\"height\":74,\"caption\":\"TimeWaver Academy\"},\"image\":{\"@id\":\"https:\/\/timewaver.com\/academy\/de\/#\/schema\/logo\/image\/\"}}]}<\/script>\n<!-- \/ Yoast SEO plugin. -->","yoast_head_json":{"title":"Online-Training - TimeWaver Academy","description":"Entdecke das Online-Training der TimeWaver Academy \u2013 flexible, praxisnahe Schulungen, Webinare und Kurse f\u00fcr Therapeuten, Coaches und Anwender.","robots":{"index":"index","follow":"follow","max-snippet":"max-snippet:-1","max-image-preview":"max-image-preview:large","max-video-preview":"max-video-preview:-1"},"canonical":"https:\/\/timewaver.com\/academy\/de\/online-training\/","og_locale":"de_DE","og_type":"article","og_title":"Online-Training - TimeWaver Academy","og_description":"Entdecke das Online-Training der TimeWaver Academy \u2013 flexible, praxisnahe Schulungen, Webinare und Kurse f\u00fcr Therapeuten, Coaches und Anwender.","og_url":"https:\/\/timewaver.com\/academy\/de\/online-training\/","og_site_name":"TimeWaver Academy","article_modified_time":"2025-11-13T11:08:05+00:00","og_image":[{"url":"https:\/\/timewaver.com\/academy\/wp-content\/uploads\/sites\/5\/2022\/08\/Header-Mobil_Teaching_Seite1.jpg","type":"","width":"","height":""}],"twitter_card":"summary_large_image","twitter_misc":{"Gesch\u00e4tzte Lesezeit":"5\u00a0Minuten"},"schema":{"@context":"https:\/\/schema.org","@graph":[{"@type":"WebPage","@id":"https:\/\/timewaver.com\/academy\/de\/online-training\/","url":"https:\/\/timewaver.com\/academy\/de\/online-training\/","name":"Online-Training - TimeWaver Academy","isPartOf":{"@id":"https:\/\/timewaver.com\/academy\/de\/#website"},"primaryImageOfPage":{"@id":"https:\/\/timewaver.com\/academy\/de\/online-training\/#primaryimage"},"image":{"@id":"https:\/\/timewaver.com\/academy\/de\/online-training\/#primaryimage"},"thumbnailUrl":"https:\/\/timewaver.com\/academy\/wp-content\/uploads\/sites\/5\/2022\/08\/Header-Mobil_Teaching_Seite1.jpg","datePublished":"2022-05-24T08:36:57+00:00","dateModified":"2025-11-13T11:08:05+00:00","description":"Entdecke das Online-Training der TimeWaver Academy \u2013 flexible, praxisnahe Schulungen, Webinare und Kurse f\u00fcr Therapeuten, Coaches und Anwender.","breadcrumb":{"@id":"https:\/\/timewaver.com\/academy\/de\/online-training\/#breadcrumb"},"inLanguage":"de","potentialAction":[{"@type":"ReadAction","target":["https:\/\/timewaver.com\/academy\/de\/online-training\/"]}]},{"@type":"ImageObject","inLanguage":"de","@id":"https:\/\/timewaver.com\/academy\/de\/online-training\/#primaryimage","url":"https:\/\/timewaver.com\/academy\/wp-content\/uploads\/sites\/5\/2022\/08\/Header-Mobil_Teaching_Seite1.jpg","contentUrl":"https:\/\/timewaver.com\/academy\/wp-content\/uploads\/sites\/5\/2022\/08\/Header-Mobil_Teaching_Seite1.jpg"},{"@type":"BreadcrumbList","@id":"https:\/\/timewaver.com\/academy\/de\/online-training\/#breadcrumb","itemListElement":[{"@type":"ListItem","position":1,"name":"Home","item":"https:\/\/timewaver.com\/academy\/de\/"},{"@type":"ListItem","position":2,"name":"Online-Training"}]},{"@type":"WebSite","@id":"https:\/\/timewaver.com\/academy\/de\/#website","url":"https:\/\/timewaver.com\/academy\/de\/","name":"TimeWaver Academy","description":"","publisher":{"@id":"https:\/\/timewaver.com\/academy\/de\/#organization"},"potentialAction":[{"@type":"SearchAction","target":{"@type":"EntryPoint","urlTemplate":"https:\/\/timewaver.com\/academy\/de\/?s={search_term_string}"},"query-input":{"@type":"PropertyValueSpecification","valueRequired":true,"valueName":"search_term_string"}}],"inLanguage":"de"},{"@type":"Organization","@id":"https:\/\/timewaver.com\/academy\/de\/#organization","name":"TimeWaver Academy","url":"https:\/\/timewaver.com\/academy\/de\/","logo":{"@type":"ImageObject","inLanguage":"de","@id":"https:\/\/timewaver.com\/academy\/de\/#\/schema\/logo\/image\/","url":"https:\/\/timewaver.com\/academy\/wp-content\/uploads\/sites\/5\/2021\/11\/TW_Sonderlogo.svg","contentUrl":"https:\/\/timewaver.com\/academy\/wp-content\/uploads\/sites\/5\/2021\/11\/TW_Sonderlogo.svg","width":234,"height":74,"caption":"TimeWaver Academy"},"image":{"@id":"https:\/\/timewaver.com\/academy\/de\/#\/schema\/logo\/image\/"}}]}},"ticketed":false,"_links":{"self":[{"href":"https:\/\/timewaver.com\/academy\/de\/wp-json\/wp\/v2\/pages\/18391","targetHints":{"allow":["GET"]}}],"collection":[{"href":"https:\/\/timewaver.com\/academy\/de\/wp-json\/wp\/v2\/pages"}],"about":[{"href":"https:\/\/timewaver.com\/academy\/de\/wp-json\/wp\/v2\/types\/page"}],"author":[{"embeddable":true,"href":"https:\/\/timewaver.com\/academy\/de\/wp-json\/wp\/v2\/users\/2"}],"replies":[{"embeddable":true,"href":"https:\/\/timewaver.com\/academy\/de\/wp-json\/wp\/v2\/comments?post=18391"}],"version-history":[{"count":11,"href":"https:\/\/timewaver.com\/academy\/de\/wp-json\/wp\/v2\/pages\/18391\/revisions"}],"predecessor-version":[{"id":72822,"href":"https:\/\/timewaver.com\/academy\/de\/wp-json\/wp\/v2\/pages\/18391\/revisions\/72822"}],"wp:attachment":[{"href":"https:\/\/timewaver.com\/academy\/de\/wp-json\/wp\/v2\/media?parent=18391"}],"curies":[{"name":"wp","href":"https:\/\/api.w.org\/{rel}","templated":true}]}}