{"id":80320,"date":"2026-04-27T11:32:54","date_gmt":"2026-04-27T09:32:54","guid":{"rendered":"https:\/\/timewaver.com\/academy\/?post_type=product&#038;p=80320"},"modified":"2026-04-27T11:38:30","modified_gmt":"2026-04-27T09:38:30","slug":"die-architektur-des-informationsfeldes","status":"publish","type":"product","link":"https:\/\/timewaver.com\/academy\/de\/produkt\/die-architektur-des-informationsfeldes\/","title":{"rendered":"Die Architektur des Informationsfeldes"},"content":{"rendered":"","protected":false},"excerpt":{"rendered":"","protected":false},"featured_media":80178,"template":"","meta":{"_acf_changed":false,"site-sidebar-layout":"default","site-content-layout":"","ast-site-content-layout":"default","site-content-style":"default","site-sidebar-style":"default","ast-global-header-display":"","ast-banner-title-visibility":"","ast-main-header-display":"","ast-hfb-above-header-display":"","ast-hfb-below-header-display":"","ast-hfb-mobile-header-display":"","site-post-title":"","ast-breadcrumbs-content":"","ast-featured-img":"","footer-sml-layout":"","ast-disable-related-posts":"","theme-transparent-header-meta":"default","adv-header-id-meta":"","stick-header-meta":"","header-above-stick-meta":"","header-main-stick-meta":"","header-below-stick-meta":"","astra-migrate-meta-layouts":"set","ast-page-background-enabled":"default","ast-page-background-meta":{"desktop":{"background-color":"var(--ast-global-color-4)","background-image":"","background-repeat":"repeat","background-position":"center center","background-size":"auto","background-attachment":"scroll","background-type":"","background-media":"","overlay-type":"","overlay-color":"","overlay-opacity":"","overlay-gradient":""},"tablet":{"background-color":"","background-image":"","background-repeat":"repeat","background-position":"center center","background-size":"auto","background-attachment":"scroll","background-type":"","background-media":"","overlay-type":"","overlay-color":"","overlay-opacity":"","overlay-gradient":""},"mobile":{"background-color":"","background-image":"","background-repeat":"repeat","background-position":"center center","background-size":"auto","background-attachment":"scroll","background-type":"","background-media":"","overlay-type":"","overlay-color":"","overlay-opacity":"","overlay-gradient":""}},"ast-content-background-meta":{"desktop":{"background-color":"var(--ast-global-color-5)","background-image":"","background-repeat":"repeat","background-position":"center center","background-size":"auto","background-attachment":"scroll","background-type":"","background-media":"","overlay-type":"","overlay-color":"","overlay-opacity":"","overlay-gradient":""},"tablet":{"background-color":"var(--ast-global-color-5)","background-image":"","background-repeat":"repeat","background-position":"center center","background-size":"auto","background-attachment":"scroll","background-type":"","background-media":"","overlay-type":"","overlay-color":"","overlay-opacity":"","overlay-gradient":""},"mobile":{"background-color":"var(--ast-global-color-5)","background-image":"","background-repeat":"repeat","background-position":"center center","background-size":"auto","background-attachment":"scroll","background-type":"","background-media":"","overlay-type":"","overlay-color":"","overlay-opacity":"","overlay-gradient":""}},"_price":"239","_stock":"","_tribe_ticket_header":"","_tribe_default_ticket_provider":"","_tribe_ticket_capacity":"0","_ticket_start_date":"","_ticket_end_date":"","_tribe_ticket_show_description":"","_tribe_ticket_show_not_going":false,"_tribe_ticket_use_global_stock":"","_tribe_ticket_global_stock_level":"","_global_stock_mode":"","_global_stock_cap":"","_tribe_rsvp_for_event":"","_tribe_ticket_going_count":"","_tribe_ticket_not_going_count":"","_tribe_tickets_list":"[]","_tribe_ticket_has_attendee_info_fields":false,"_tec_slr_enabled":"","_tec_slr_layout":""},"product_brand":[],"product_cat":[186],"product_tag":[],"class_list":{"0":"post-80320","1":"product","2":"type-product","3":"status-publish","4":"has-post-thumbnail","6":"product_cat-anwenderwebinar","7":"desktop-align-left","8":"tablet-align-left","9":"mobile-align-left","11":"first","12":"instock","13":"virtual","14":"taxable","15":"purchasable","16":"product-type-simple"},"acf":[],"yoast_head":"<!-- This site is optimized with the Yoast SEO plugin v27.4 - https:\/\/yoast.com\/product\/yoast-seo-wordpress\/ -->\n<title>Die Architektur des Informationsfeldes - TimeWaver Academy<\/title>\n<meta name=\"description\" content=\"In dieser Masterclass tauchen Sie tief in die Architektur des Informationsfeldes ein. Gemeinsam mit den Referenten ergr\u00fcnden Sie Ebenen jenseits unserer sichtbaren Realit\u00e4t und erfahren, was es mit dem geheimnisvollen Quantum Blueprint, Engeln, D\u00e4monen und dem Potenzial der TimeWaver-Technologie zur St\u00e4rkung Ihrer geistigen Autorit\u00e4t auf sich hat.\" \/>\n<meta name=\"robots\" content=\"index, follow, max-snippet:-1, max-image-preview:large, max-video-preview:-1\" \/>\n<link rel=\"canonical\" href=\"https:\/\/timewaver.com\/academy\/de\/produkt\/die-architektur-des-informationsfeldes\/\" \/>\n<meta property=\"og:locale\" content=\"de_DE\" \/>\n<meta property=\"og:type\" content=\"article\" \/>\n<meta property=\"og:title\" content=\"Die Architektur des Informationsfeldes - TimeWaver Academy\" \/>\n<meta property=\"og:description\" content=\"In dieser Masterclass tauchen Sie tief in die Architektur des Informationsfeldes ein. Gemeinsam mit den Referenten ergr\u00fcnden Sie Ebenen jenseits unserer sichtbaren Realit\u00e4t und erfahren, was es mit dem geheimnisvollen Quantum Blueprint, Engeln, D\u00e4monen und dem Potenzial der TimeWaver-Technologie zur St\u00e4rkung Ihrer geistigen Autorit\u00e4t auf sich hat.\" \/>\n<meta property=\"og:url\" content=\"https:\/\/timewaver.com\/academy\/de\/produkt\/die-architektur-des-informationsfeldes\/\" \/>\n<meta property=\"og:site_name\" content=\"TimeWaver Academy\" \/>\n<meta property=\"article:modified_time\" content=\"2026-04-27T09:38:30+00:00\" \/>\n<meta property=\"og:image\" content=\"https:\/\/timewaver.com\/academy\/wp-content\/uploads\/sites\/5\/2026\/04\/Masterclass-Juni.jpg\" \/>\n\t<meta property=\"og:image:width\" content=\"1400\" \/>\n\t<meta property=\"og:image:height\" content=\"929\" \/>\n\t<meta property=\"og:image:type\" content=\"image\/jpeg\" \/>\n<meta name=\"twitter:card\" content=\"summary_large_image\" \/>\n<meta name=\"twitter:label1\" content=\"Gesch\u00e4tzte Lesezeit\" \/>\n\t<meta name=\"twitter:data1\" content=\"1\u00a0Minute\" \/>\n<script type=\"application\/ld+json\" class=\"yoast-schema-graph\">{\"@context\":\"https:\\\/\\\/schema.org\",\"@graph\":[{\"@type\":\"WebPage\",\"@id\":\"https:\\\/\\\/timewaver.com\\\/academy\\\/de\\\/produkt\\\/die-architektur-des-informationsfeldes\\\/\",\"url\":\"https:\\\/\\\/timewaver.com\\\/academy\\\/de\\\/produkt\\\/die-architektur-des-informationsfeldes\\\/\",\"name\":\"Die Architektur des Informationsfeldes - TimeWaver Academy\",\"isPartOf\":{\"@id\":\"https:\\\/\\\/timewaver.com\\\/academy\\\/de\\\/#website\"},\"primaryImageOfPage\":{\"@id\":\"https:\\\/\\\/timewaver.com\\\/academy\\\/de\\\/produkt\\\/die-architektur-des-informationsfeldes\\\/#primaryimage\"},\"image\":{\"@id\":\"https:\\\/\\\/timewaver.com\\\/academy\\\/de\\\/produkt\\\/die-architektur-des-informationsfeldes\\\/#primaryimage\"},\"thumbnailUrl\":\"https:\\\/\\\/timewaver.com\\\/academy\\\/wp-content\\\/uploads\\\/sites\\\/5\\\/2026\\\/04\\\/Masterclass-Juni.jpg\",\"datePublished\":\"2026-04-27T09:32:54+00:00\",\"dateModified\":\"2026-04-27T09:38:30+00:00\",\"description\":\"In dieser Masterclass tauchen Sie tief in die Architektur des Informationsfeldes ein. Gemeinsam mit den Referenten ergr\u00fcnden Sie Ebenen jenseits unserer sichtbaren Realit\u00e4t und erfahren, was es mit dem geheimnisvollen Quantum Blueprint, Engeln, D\u00e4monen und dem Potenzial der TimeWaver-Technologie zur St\u00e4rkung Ihrer geistigen Autorit\u00e4t auf sich hat.\",\"breadcrumb\":{\"@id\":\"https:\\\/\\\/timewaver.com\\\/academy\\\/de\\\/produkt\\\/die-architektur-des-informationsfeldes\\\/#breadcrumb\"},\"inLanguage\":\"de\",\"potentialAction\":[{\"@type\":\"ReadAction\",\"target\":[\"https:\\\/\\\/timewaver.com\\\/academy\\\/de\\\/produkt\\\/die-architektur-des-informationsfeldes\\\/\"]}]},{\"@type\":\"ImageObject\",\"inLanguage\":\"de\",\"@id\":\"https:\\\/\\\/timewaver.com\\\/academy\\\/de\\\/produkt\\\/die-architektur-des-informationsfeldes\\\/#primaryimage\",\"url\":\"https:\\\/\\\/timewaver.com\\\/academy\\\/wp-content\\\/uploads\\\/sites\\\/5\\\/2026\\\/04\\\/Masterclass-Juni.jpg\",\"contentUrl\":\"https:\\\/\\\/timewaver.com\\\/academy\\\/wp-content\\\/uploads\\\/sites\\\/5\\\/2026\\\/04\\\/Masterclass-Juni.jpg\",\"width\":1400,\"height\":929,\"caption\":\"Masterclass Juni\"},{\"@type\":\"BreadcrumbList\",\"@id\":\"https:\\\/\\\/timewaver.com\\\/academy\\\/de\\\/produkt\\\/die-architektur-des-informationsfeldes\\\/#breadcrumb\",\"itemListElement\":[{\"@type\":\"ListItem\",\"position\":1,\"name\":\"Home\",\"item\":\"https:\\\/\\\/timewaver.com\\\/academy\\\/de\\\/\"},{\"@type\":\"ListItem\",\"position\":2,\"name\":\"Produkte\",\"item\":\"https:\\\/\\\/timewaver.com\\\/academy\\\/de\\\/shop\\\/\"},{\"@type\":\"ListItem\",\"position\":3,\"name\":\"Die Architektur des Informationsfeldes\"}]},{\"@type\":\"WebSite\",\"@id\":\"https:\\\/\\\/timewaver.com\\\/academy\\\/de\\\/#website\",\"url\":\"https:\\\/\\\/timewaver.com\\\/academy\\\/de\\\/\",\"name\":\"TimeWaver Academy\",\"description\":\"\",\"publisher\":{\"@id\":\"https:\\\/\\\/timewaver.com\\\/academy\\\/de\\\/#organization\"},\"potentialAction\":[{\"@type\":\"SearchAction\",\"target\":{\"@type\":\"EntryPoint\",\"urlTemplate\":\"https:\\\/\\\/timewaver.com\\\/academy\\\/de\\\/?s={search_term_string}\"},\"query-input\":{\"@type\":\"PropertyValueSpecification\",\"valueRequired\":true,\"valueName\":\"search_term_string\"}}],\"inLanguage\":\"de\"},{\"@type\":\"Organization\",\"@id\":\"https:\\\/\\\/timewaver.com\\\/academy\\\/de\\\/#organization\",\"name\":\"TimeWaver Academy\",\"url\":\"https:\\\/\\\/timewaver.com\\\/academy\\\/de\\\/\",\"logo\":{\"@type\":\"ImageObject\",\"inLanguage\":\"de\",\"@id\":\"https:\\\/\\\/timewaver.com\\\/academy\\\/de\\\/#\\\/schema\\\/logo\\\/image\\\/\",\"url\":\"https:\\\/\\\/timewaver.com\\\/academy\\\/wp-content\\\/uploads\\\/sites\\\/5\\\/2021\\\/11\\\/TW_Sonderlogo.svg\",\"contentUrl\":\"https:\\\/\\\/timewaver.com\\\/academy\\\/wp-content\\\/uploads\\\/sites\\\/5\\\/2021\\\/11\\\/TW_Sonderlogo.svg\",\"width\":234,\"height\":74,\"caption\":\"TimeWaver Academy\"},\"image\":{\"@id\":\"https:\\\/\\\/timewaver.com\\\/academy\\\/de\\\/#\\\/schema\\\/logo\\\/image\\\/\"}}]}<\/script>\n<!-- \/ Yoast SEO plugin. -->","yoast_head_json":{"title":"Die Architektur des Informationsfeldes - TimeWaver Academy","description":"In dieser Masterclass tauchen Sie tief in die Architektur des Informationsfeldes ein. Gemeinsam mit den Referenten ergr\u00fcnden Sie Ebenen jenseits unserer sichtbaren Realit\u00e4t und erfahren, was es mit dem geheimnisvollen Quantum Blueprint, Engeln, D\u00e4monen und dem Potenzial der TimeWaver-Technologie zur St\u00e4rkung Ihrer geistigen Autorit\u00e4t auf sich hat.","robots":{"index":"index","follow":"follow","max-snippet":"max-snippet:-1","max-image-preview":"max-image-preview:large","max-video-preview":"max-video-preview:-1"},"canonical":"https:\/\/timewaver.com\/academy\/de\/produkt\/die-architektur-des-informationsfeldes\/","og_locale":"de_DE","og_type":"article","og_title":"Die Architektur des Informationsfeldes - TimeWaver Academy","og_description":"In dieser Masterclass tauchen Sie tief in die Architektur des Informationsfeldes ein. Gemeinsam mit den Referenten ergr\u00fcnden Sie Ebenen jenseits unserer sichtbaren Realit\u00e4t und erfahren, was es mit dem geheimnisvollen Quantum Blueprint, Engeln, D\u00e4monen und dem Potenzial der TimeWaver-Technologie zur St\u00e4rkung Ihrer geistigen Autorit\u00e4t auf sich hat.","og_url":"https:\/\/timewaver.com\/academy\/de\/produkt\/die-architektur-des-informationsfeldes\/","og_site_name":"TimeWaver Academy","article_modified_time":"2026-04-27T09:38:30+00:00","og_image":[{"width":1400,"height":929,"url":"https:\/\/timewaver.com\/academy\/wp-content\/uploads\/sites\/5\/2026\/04\/Masterclass-Juni.jpg","type":"image\/jpeg"}],"twitter_card":"summary_large_image","twitter_misc":{"Gesch\u00e4tzte Lesezeit":"1\u00a0Minute"},"schema":{"@context":"https:\/\/schema.org","@graph":[{"@type":"WebPage","@id":"https:\/\/timewaver.com\/academy\/de\/produkt\/die-architektur-des-informationsfeldes\/","url":"https:\/\/timewaver.com\/academy\/de\/produkt\/die-architektur-des-informationsfeldes\/","name":"Die Architektur des Informationsfeldes - TimeWaver Academy","isPartOf":{"@id":"https:\/\/timewaver.com\/academy\/de\/#website"},"primaryImageOfPage":{"@id":"https:\/\/timewaver.com\/academy\/de\/produkt\/die-architektur-des-informationsfeldes\/#primaryimage"},"image":{"@id":"https:\/\/timewaver.com\/academy\/de\/produkt\/die-architektur-des-informationsfeldes\/#primaryimage"},"thumbnailUrl":"https:\/\/timewaver.com\/academy\/wp-content\/uploads\/sites\/5\/2026\/04\/Masterclass-Juni.jpg","datePublished":"2026-04-27T09:32:54+00:00","dateModified":"2026-04-27T09:38:30+00:00","description":"In dieser Masterclass tauchen Sie tief in die Architektur des Informationsfeldes ein. Gemeinsam mit den Referenten ergr\u00fcnden Sie Ebenen jenseits unserer sichtbaren Realit\u00e4t und erfahren, was es mit dem geheimnisvollen Quantum Blueprint, Engeln, D\u00e4monen und dem Potenzial der TimeWaver-Technologie zur St\u00e4rkung Ihrer geistigen Autorit\u00e4t auf sich hat.","breadcrumb":{"@id":"https:\/\/timewaver.com\/academy\/de\/produkt\/die-architektur-des-informationsfeldes\/#breadcrumb"},"inLanguage":"de","potentialAction":[{"@type":"ReadAction","target":["https:\/\/timewaver.com\/academy\/de\/produkt\/die-architektur-des-informationsfeldes\/"]}]},{"@type":"ImageObject","inLanguage":"de","@id":"https:\/\/timewaver.com\/academy\/de\/produkt\/die-architektur-des-informationsfeldes\/#primaryimage","url":"https:\/\/timewaver.com\/academy\/wp-content\/uploads\/sites\/5\/2026\/04\/Masterclass-Juni.jpg","contentUrl":"https:\/\/timewaver.com\/academy\/wp-content\/uploads\/sites\/5\/2026\/04\/Masterclass-Juni.jpg","width":1400,"height":929,"caption":"Masterclass Juni"},{"@type":"BreadcrumbList","@id":"https:\/\/timewaver.com\/academy\/de\/produkt\/die-architektur-des-informationsfeldes\/#breadcrumb","itemListElement":[{"@type":"ListItem","position":1,"name":"Home","item":"https:\/\/timewaver.com\/academy\/de\/"},{"@type":"ListItem","position":2,"name":"Produkte","item":"https:\/\/timewaver.com\/academy\/de\/shop\/"},{"@type":"ListItem","position":3,"name":"Die Architektur des Informationsfeldes"}]},{"@type":"WebSite","@id":"https:\/\/timewaver.com\/academy\/de\/#website","url":"https:\/\/timewaver.com\/academy\/de\/","name":"TimeWaver Academy","description":"","publisher":{"@id":"https:\/\/timewaver.com\/academy\/de\/#organization"},"potentialAction":[{"@type":"SearchAction","target":{"@type":"EntryPoint","urlTemplate":"https:\/\/timewaver.com\/academy\/de\/?s={search_term_string}"},"query-input":{"@type":"PropertyValueSpecification","valueRequired":true,"valueName":"search_term_string"}}],"inLanguage":"de"},{"@type":"Organization","@id":"https:\/\/timewaver.com\/academy\/de\/#organization","name":"TimeWaver Academy","url":"https:\/\/timewaver.com\/academy\/de\/","logo":{"@type":"ImageObject","inLanguage":"de","@id":"https:\/\/timewaver.com\/academy\/de\/#\/schema\/logo\/image\/","url":"https:\/\/timewaver.com\/academy\/wp-content\/uploads\/sites\/5\/2021\/11\/TW_Sonderlogo.svg","contentUrl":"https:\/\/timewaver.com\/academy\/wp-content\/uploads\/sites\/5\/2021\/11\/TW_Sonderlogo.svg","width":234,"height":74,"caption":"TimeWaver Academy"},"image":{"@id":"https:\/\/timewaver.com\/academy\/de\/#\/schema\/logo\/image\/"}}]}},"_links":{"self":[{"href":"https:\/\/timewaver.com\/academy\/de\/wp-json\/wp\/v2\/product\/80320","targetHints":{"allow":["GET"]}}],"collection":[{"href":"https:\/\/timewaver.com\/academy\/de\/wp-json\/wp\/v2\/product"}],"about":[{"href":"https:\/\/timewaver.com\/academy\/de\/wp-json\/wp\/v2\/types\/product"}],"wp:featuredmedia":[{"embeddable":true,"href":"https:\/\/timewaver.com\/academy\/de\/wp-json\/wp\/v2\/media\/80178"}],"wp:attachment":[{"href":"https:\/\/timewaver.com\/academy\/de\/wp-json\/wp\/v2\/media?parent=80320"}],"wp:term":[{"taxonomy":"product_brand","embeddable":true,"href":"https:\/\/timewaver.com\/academy\/de\/wp-json\/wp\/v2\/product_brand?post=80320"},{"taxonomy":"product_cat","embeddable":true,"href":"https:\/\/timewaver.com\/academy\/de\/wp-json\/wp\/v2\/product_cat?post=80320"},{"taxonomy":"product_tag","embeddable":true,"href":"https:\/\/timewaver.com\/academy\/de\/wp-json\/wp\/v2\/product_tag?post=80320"}],"curies":[{"name":"wp","href":"https:\/\/api.w.org\/{rel}","templated":true}]}}