{"id":41358,"date":"2022-05-24T10:36:57","date_gmt":"2022-05-24T08:36:57","guid":{"rendered":"https:\/\/timewaver.com\/academy\/formacion-online\/"},"modified":"2025-11-13T12:09:14","modified_gmt":"2025-11-13T11:09:14","slug":"formacion-online","status":"publish","type":"page","link":"https:\/\/timewaver.com\/academy\/es\/formacion-online\/","title":{"rendered":"Formaci\u00f3n online"},"content":{"rendered":"\t\t<div data-elementor-type=\"wp-page\" data-elementor-id=\"41358\" class=\"elementor elementor-41358 elementor-9321\" data-elementor-post-type=\"page\">\n\t\t\t\t\t\t<section class=\"elementor-section elementor-top-section elementor-element elementor-element-70fa0c45 elementor-hidden-desktop elementor-hidden-tablet elementor-section-boxed elementor-section-height-default elementor-section-height-default\" data-id=\"70fa0c45\" data-element_type=\"section\" data-e-type=\"section\">\n\t\t\t\t\t\t<div class=\"elementor-container elementor-column-gap-default\">\n\t\t\t\t\t<div class=\"elementor-column elementor-col-100 elementor-top-column elementor-element elementor-element-1cb11d4b\" data-id=\"1cb11d4b\" data-element_type=\"column\" data-e-type=\"column\">\n\t\t\t<div class=\"elementor-widget-wrap elementor-element-populated\">\n\t\t\t\t\t\t<div class=\"elementor-element elementor-element-416556a4 elementor-widget elementor-widget-image\" data-id=\"416556a4\" data-element_type=\"widget\" data-e-type=\"widget\" data-widget_type=\"image.default\">\n\t\t\t\t<div class=\"elementor-widget-container\">\n\t\t\t\t\t\t\t\t\t\t\t\t\t\t\t<img fetchpriority=\"high\" decoding=\"async\" width=\"800\" height=\"417\" src=\"https:\/\/timewaver.com\/academy\/wp-content\/uploads\/sites\/5\/2022\/08\/Header-Mobil_Teaching_Seite1.jpg\" class=\"attachment-large size-large wp-image-23893\" alt=\"\" srcset=\"https:\/\/timewaver.com\/academy\/wp-content\/uploads\/sites\/5\/2022\/08\/Header-Mobil_Teaching_Seite1.jpg 800w, https:\/\/timewaver.com\/academy\/wp-content\/uploads\/sites\/5\/2022\/08\/Header-Mobil_Teaching_Seite1-300x156.jpg 300w, https:\/\/timewaver.com\/academy\/wp-content\/uploads\/sites\/5\/2022\/08\/Header-Mobil_Teaching_Seite1-768x400.jpg 768w\" sizes=\"(max-width: 800px) 100vw, 800px\" \/>\t\t\t\t\t\t\t\t\t\t\t\t\t\t\t<\/div>\n\t\t\t\t<\/div>\n\t\t\t\t\t<\/div>\n\t\t<\/div>\n\t\t\t\t\t<\/div>\n\t\t<\/section>\n\t\t\t\t<section class=\"elementor-section elementor-top-section elementor-element elementor-element-425e96dc elementor-section-content-bottom elementor-section-boxed elementor-section-height-default elementor-section-height-default\" data-id=\"425e96dc\" data-element_type=\"section\" data-e-type=\"section\">\n\t\t\t\t\t\t<div class=\"elementor-container elementor-column-gap-default\">\n\t\t\t\t\t<div class=\"elementor-column elementor-col-100 elementor-top-column elementor-element elementor-element-6a4d3da0\" data-id=\"6a4d3da0\" data-element_type=\"column\" data-e-type=\"column\" data-settings=\"{&quot;background_background&quot;:&quot;classic&quot;}\">\n\t\t\t<div class=\"elementor-widget-wrap elementor-element-populated\">\n\t\t\t\t\t\t<div class=\"elementor-element elementor-element-307a0994 headline elementor-widget elementor-widget-text-editor\" data-id=\"307a0994\" data-element_type=\"widget\" data-e-type=\"widget\" data-widget_type=\"text-editor.default\">\n\t\t\t\t<div class=\"elementor-widget-container\">\n\t\t\t\t\t\t\t\t\t<h1>Formaci\u00f3n online<\/h1>\n\t\t\t\t\t\t\t\t<\/div>\n\t\t\t\t<\/div>\n\t\t\t\t<div class=\"elementor-element elementor-element-766e22b headline elementor-widget elementor-widget-text-editor\" data-id=\"766e22b\" data-element_type=\"widget\" data-e-type=\"widget\" data-widget_type=\"text-editor.default\">\n\t\t\t\t<div class=\"elementor-widget-container\">\n\t\t\t\t\t\t\t\t\t<h2>para usuarios de TimeWaver<\/h2>\n\t\t\t\t\t\t\t\t<\/div>\n\t\t\t\t<\/div>\n\t\t\t\t\t<\/div>\n\t\t<\/div>\n\t\t\t\t\t<\/div>\n\t\t<\/section>\n\t\t\t\t<section class=\"elementor-section elementor-top-section elementor-element elementor-element-1eada94 elementor-section-boxed elementor-section-height-default elementor-section-height-default\" data-id=\"1eada94\" data-element_type=\"section\" data-e-type=\"section\">\n\t\t\t\t\t\t<div class=\"elementor-container elementor-column-gap-default\">\n\t\t\t\t\t<div class=\"elementor-column elementor-col-50 elementor-top-column elementor-element elementor-element-88b6695\" data-id=\"88b6695\" data-element_type=\"column\" data-e-type=\"column\">\n\t\t\t<div class=\"elementor-widget-wrap elementor-element-populated\">\n\t\t\t\t\t\t<div class=\"elementor-element elementor-element-5238057 elementor-widget elementor-widget-text-editor\" data-id=\"5238057\" data-element_type=\"widget\" data-e-type=\"widget\" data-widget_type=\"text-editor.default\">\n\t\t\t\t<div class=\"elementor-widget-container\">\n\t\t\t\t\t\t\t\t\t<h6>Tu avance en el conocimiento<\/h6>\n\t\t\t\t\t\t\t\t<\/div>\n\t\t\t\t<\/div>\n\t\t\t\t<div class=\"elementor-element elementor-element-c1f93a5 elementor-widget elementor-widget-text-editor\" data-id=\"c1f93a5\" data-element_type=\"widget\" data-e-type=\"widget\" data-widget_type=\"text-editor.default\">\n\t\t\t\t<div class=\"elementor-widget-container\">\n\t\t\t\t\t\t\t\t\t<p>El uso profesional de los sistemas TimeWaver exige, sobre todo, una pr\u00e1ctica diaria y un aprendizaje constante. \u00a1Nos alegra poder ayudarte en tus retos diarios!<\/p>\n<p>Nuestro formato digital de formaci\u00f3n y las sesiones formativas f\u00e1ciles de seguir hacen que aprender cosas nuevas sea sencillo y divertido.<\/p>\n\t\t\t\t\t\t\t\t<\/div>\n\t\t\t\t<\/div>\n\t\t\t\t<div class=\"elementor-element elementor-element-238e868c elementor-hidden-mobile elementor-widget elementor-widget-image\" data-id=\"238e868c\" data-element_type=\"widget\" data-e-type=\"widget\" data-widget_type=\"image.default\">\n\t\t\t\t<div class=\"elementor-widget-container\">\n\t\t\t\t\t\t\t\t\t\t\t\t\t\t\t<img decoding=\"async\" width=\"800\" height=\"144\" src=\"https:\/\/timewaver.com\/academy\/wp-content\/uploads\/sites\/5\/2022\/08\/i-Icon.png\" class=\"attachment-large size-large wp-image-23911\" alt=\"\" srcset=\"https:\/\/timewaver.com\/academy\/wp-content\/uploads\/sites\/5\/2022\/08\/i-Icon.png 800w, https:\/\/timewaver.com\/academy\/wp-content\/uploads\/sites\/5\/2022\/08\/i-Icon-300x54.png 300w, https:\/\/timewaver.com\/academy\/wp-content\/uploads\/sites\/5\/2022\/08\/i-Icon-768x138.png 768w\" sizes=\"(max-width: 800px) 100vw, 800px\" \/>\t\t\t\t\t\t\t\t\t\t\t\t\t\t\t<\/div>\n\t\t\t\t<\/div>\n\t\t\t\t<div class=\"elementor-element elementor-element-dda9c62 elementor-hidden-mobile elementor-widget elementor-widget-text-editor\" data-id=\"dda9c62\" data-element_type=\"widget\" data-e-type=\"widget\" data-settings=\"{&quot;display_condition_enable&quot;:&quot;yes&quot;}\" data-widget_type=\"text-editor.default\">\n\t\t\t\t<div class=\"elementor-widget-container\">\n\t\t\t\t\t\t\t\t\t<h3>Nota:<\/h3>\n<p>El programa actual de formaci\u00f3n online para los sistemas TimeWaver estar\u00e1 completamente disponible una vez inicies sesi\u00f3n.<\/p>\n\t\t\t\t\t\t\t\t<\/div>\n\t\t\t\t<\/div>\n\t\t\t\t<div class=\"elementor-element elementor-element-ff33287 elementor-align-center elementor-hidden-mobile elementor-widget elementor-widget-button\" data-id=\"ff33287\" data-element_type=\"widget\" data-e-type=\"widget\" data-settings=\"{&quot;display_condition_enable&quot;:&quot;yes&quot;}\" data-widget_type=\"button.default\">\n\t\t\t\t<div class=\"elementor-widget-container\">\n\t\t\t\t\t\t\t\t\t<div class=\"elementor-button-wrapper\">\n\t\t\t\t\t<a class=\"elementor-button elementor-button-link elementor-size-sm\" href=\"#elementor-action%3Aaction%3Dpopup%3Aopen%26settings%3DeyJpZCI6MTczMzksInRvZ2dsZSI6ZmFsc2V9\">\n\t\t\t\t\t\t<span class=\"elementor-button-content-wrapper\">\n\t\t\t\t\t\t\t\t\t<span class=\"elementor-button-text\">Iniciar sesi\u00f3n &gt;<\/span>\n\t\t\t\t\t<\/span>\n\t\t\t\t\t<\/a>\n\t\t\t\t<\/div>\n\t\t\t\t\t\t\t\t<\/div>\n\t\t\t\t<\/div>\n\t\t\t\t\t<\/div>\n\t\t<\/div>\n\t\t\t\t<div class=\"elementor-column elementor-col-50 elementor-top-column elementor-element elementor-element-41cb4ed\" data-id=\"41cb4ed\" data-element_type=\"column\" data-e-type=\"column\">\n\t\t\t<div class=\"elementor-widget-wrap elementor-element-populated\">\n\t\t\t\t\t\t<div class=\"elementor-element elementor-element-0ac1f6c elementor-widget elementor-widget-text-editor\" data-id=\"0ac1f6c\" data-element_type=\"widget\" data-e-type=\"widget\" data-widget_type=\"text-editor.default\">\n\t\t\t\t<div class=\"elementor-widget-container\">\n\t\t\t\t\t\t\t\t\t<h6>Una gran cantidad de contenido educativo<\/h6>\n\t\t\t\t\t\t\t\t<\/div>\n\t\t\t\t<\/div>\n\t\t\t\t<div class=\"elementor-element elementor-element-af6ecd9 elementor-widget elementor-widget-text-editor\" data-id=\"af6ecd9\" data-element_type=\"widget\" data-e-type=\"widget\" data-widget_type=\"text-editor.default\">\n\t\t\t\t<div class=\"elementor-widget-container\">\n\t\t\t\t\t\t\t\t\t<p>La TimeWaver Online Academy ofrece cursos independientes para cada sistema TimeWaver que se pueden seleccionar individualmente. Adem\u00e1s, tambi\u00e9n est\u00e1n disponibles cursos b\u00e1sicos, seminarios web y grabaciones de seminarios sobre distintas tem\u00e1ticas.<\/p>\n<p>Todo el contenido se presenta mediante v\u00eddeos formativos breves que pueden visualizarse varias veces al tiempo que trabajas con tu sistema. Adem\u00e1s, hay ejercicios cortos al final de cada unidad did\u00e1ctica con los que podr\u00e1s consolidar los contenidos y comprobar tus conocimientos.<\/p>\n\t\t\t\t\t\t\t\t<\/div>\n\t\t\t\t<\/div>\n\t\t\t\t<div class=\"elementor-element elementor-element-1b1fb90 elementor-widget elementor-widget-text-editor\" data-id=\"1b1fb90\" data-element_type=\"widget\" data-e-type=\"widget\" data-widget_type=\"text-editor.default\">\n\t\t\t\t<div class=\"elementor-widget-container\">\n\t\t\t\t\t\t\t\t\t<h3>Aqu\u00ed encontrar\u00e1s el programa formativo actual para los sistemas TimeWaver.<\/h3>\n<p><\/p>\n<ul>\n<li>TimeWaver Pro<\/li>\n<li>TimeWaver Frequency<\/li>\n<li>TimeWaver Frequency McMakin<\/li>\n<li>TimeWaver BIZ<\/li>\n<li>RealTimeWaver<\/li>\n<li>TimeWaver World Congresses<\/li>\n<li>Distributor Trainings<\/li>\n<\/ul>\n\t\t\t\t\t\t\t\t<\/div>\n\t\t\t\t<\/div>\n\t\t\t\t\t<\/div>\n\t\t<\/div>\n\t\t\t\t\t<\/div>\n\t\t<\/section>\n\t\t\t\t<section class=\"elementor-section elementor-top-section elementor-element elementor-element-9ac72dd elementor-hidden-desktop elementor-hidden-tablet elementor-section-boxed elementor-section-height-default elementor-section-height-default\" data-id=\"9ac72dd\" data-element_type=\"section\" data-e-type=\"section\">\n\t\t\t\t\t\t<div class=\"elementor-container elementor-column-gap-default\">\n\t\t\t\t\t<div class=\"elementor-column elementor-col-100 elementor-top-column elementor-element elementor-element-e4f2cd8\" data-id=\"e4f2cd8\" data-element_type=\"column\" data-e-type=\"column\">\n\t\t\t<div class=\"elementor-widget-wrap elementor-element-populated\">\n\t\t\t\t\t\t<div class=\"elementor-element elementor-element-9c655b4 elementor-hidden-desktop elementor-hidden-tablet elementor-widget elementor-widget-image\" data-id=\"9c655b4\" data-element_type=\"widget\" data-e-type=\"widget\" data-widget_type=\"image.default\">\n\t\t\t\t<div class=\"elementor-widget-container\">\n\t\t\t\t\t\t\t\t\t\t\t\t\t\t\t<img decoding=\"async\" width=\"800\" height=\"167\" src=\"https:\/\/timewaver.com\/academy\/wp-content\/uploads\/sites\/5\/2022\/08\/i-Icon-Mobil.png\" class=\"attachment-large size-large wp-image-23899\" alt=\"\" srcset=\"https:\/\/timewaver.com\/academy\/wp-content\/uploads\/sites\/5\/2022\/08\/i-Icon-Mobil.png 800w, https:\/\/timewaver.com\/academy\/wp-content\/uploads\/sites\/5\/2022\/08\/i-Icon-Mobil-300x63.png 300w, https:\/\/timewaver.com\/academy\/wp-content\/uploads\/sites\/5\/2022\/08\/i-Icon-Mobil-768x160.png 768w\" sizes=\"(max-width: 800px) 100vw, 800px\" \/>\t\t\t\t\t\t\t\t\t\t\t\t\t\t\t<\/div>\n\t\t\t\t<\/div>\n\t\t\t\t<div class=\"elementor-element elementor-element-994db86 elementor-hidden-desktop elementor-hidden-tablet elementor-widget elementor-widget-text-editor\" data-id=\"994db86\" data-element_type=\"widget\" data-e-type=\"widget\" data-settings=\"{&quot;display_condition_enable&quot;:&quot;yes&quot;}\" data-widget_type=\"text-editor.default\">\n\t\t\t\t<div class=\"elementor-widget-container\">\n\t\t\t\t\t\t\t\t\t<h3>Nota:<\/h3>\n<p>El programa actual de formaci\u00f3n online para los sistemas TimeWaver estar\u00e1 completamente disponible una vez inicies sesi\u00f3n correctamente.<\/p>\n\t\t\t\t\t\t\t\t<\/div>\n\t\t\t\t<\/div>\n\t\t\t\t<div class=\"elementor-element elementor-element-9cd763b elementor-align-center elementor-hidden-desktop elementor-hidden-tablet elementor-widget elementor-widget-button\" data-id=\"9cd763b\" data-element_type=\"widget\" data-e-type=\"widget\" data-settings=\"{&quot;display_condition_enable&quot;:&quot;yes&quot;}\" data-widget_type=\"button.default\">\n\t\t\t\t<div class=\"elementor-widget-container\">\n\t\t\t\t\t\t\t\t\t<div class=\"elementor-button-wrapper\">\n\t\t\t\t\t<a class=\"elementor-button elementor-button-link elementor-size-sm\" href=\"#elementor-action%3Aaction%3Dpopup%3Aopen%26settings%3DeyJpZCI6MTczMzksInRvZ2dsZSI6ZmFsc2V9\">\n\t\t\t\t\t\t<span class=\"elementor-button-content-wrapper\">\n\t\t\t\t\t\t\t\t\t<span class=\"elementor-button-text\">Iniciar sesi\u00f3n &gt;<\/span>\n\t\t\t\t\t<\/span>\n\t\t\t\t\t<\/a>\n\t\t\t\t<\/div>\n\t\t\t\t\t\t\t\t<\/div>\n\t\t\t\t<\/div>\n\t\t\t\t\t<\/div>\n\t\t<\/div>\n\t\t\t\t\t<\/div>\n\t\t<\/section>\n\t\t\t\t<\/div>\n\t\t","protected":false},"excerpt":{"rendered":"<p>Formaci\u00f3n online para usuarios de TimeWaver Tu avance en el conocimiento El uso profesional de los sistemas TimeWaver exige, sobre todo, una pr\u00e1ctica diaria y un aprendizaje constante. \u00a1Nos alegra [&hellip;]<\/p>\n","protected":false},"author":2,"featured_media":0,"parent":0,"menu_order":0,"comment_status":"closed","ping_status":"closed","template":"","meta":{"_acf_changed":false,"site-sidebar-layout":"no-sidebar","site-content-layout":"page-builder","ast-site-content-layout":"full-width-container","site-content-style":"unboxed","site-sidebar-style":"unboxed","ast-global-header-display":"","ast-banner-title-visibility":"","ast-main-header-display":"","ast-hfb-above-header-display":"","ast-hfb-below-header-display":"","ast-hfb-mobile-header-display":"","site-post-title":"disabled","ast-breadcrumbs-content":"","ast-featured-img":"disabled","footer-sml-layout":"","ast-disable-related-posts":"","theme-transparent-header-meta":"default","adv-header-id-meta":"","stick-header-meta":"","header-above-stick-meta":"","header-main-stick-meta":"","header-below-stick-meta":"","astra-migrate-meta-layouts":"set","ast-page-background-enabled":"default","ast-page-background-meta":{"desktop":{"background-color":"var(--ast-global-color-4)","background-image":"","background-repeat":"repeat","background-position":"center center","background-size":"auto","background-attachment":"scroll","background-type":"","background-media":"","overlay-type":"","overlay-color":"","overlay-opacity":"","overlay-gradient":""},"tablet":{"background-color":"","background-image":"","background-repeat":"repeat","background-position":"center center","background-size":"auto","background-attachment":"scroll","background-type":"","background-media":"","overlay-type":"","overlay-color":"","overlay-opacity":"","overlay-gradient":""},"mobile":{"background-color":"","background-image":"","background-repeat":"repeat","background-position":"center center","background-size":"auto","background-attachment":"scroll","background-type":"","background-media":"","overlay-type":"","overlay-color":"","overlay-opacity":"","overlay-gradient":""}},"ast-content-background-meta":{"desktop":{"background-color":"var(--ast-global-color-5)","background-image":"","background-repeat":"repeat","background-position":"center center","background-size":"auto","background-attachment":"scroll","background-type":"","background-media":"","overlay-type":"","overlay-color":"","overlay-opacity":"","overlay-gradient":""},"tablet":{"background-color":"var(--ast-global-color-5)","background-image":"","background-repeat":"repeat","background-position":"center center","background-size":"auto","background-attachment":"scroll","background-type":"","background-media":"","overlay-type":"","overlay-color":"","overlay-opacity":"","overlay-gradient":""},"mobile":{"background-color":"var(--ast-global-color-5)","background-image":"","background-repeat":"repeat","background-position":"center center","background-size":"auto","background-attachment":"scroll","background-type":"","background-media":"","overlay-type":"","overlay-color":"","overlay-opacity":"","overlay-gradient":""}},"_price":"","_stock":"","_tribe_ticket_header":"","_tribe_default_ticket_provider":"Tribe__Tickets_Plus__Commerce__WooCommerce__Main","_tribe_ticket_capacity":"0","_ticket_start_date":"","_ticket_end_date":"","_tribe_ticket_show_description":"","_tribe_ticket_show_not_going":false,"_tribe_ticket_use_global_stock":"","_tribe_ticket_global_stock_level":"","_global_stock_mode":"","_global_stock_cap":"","_tribe_rsvp_for_event":"","_tribe_ticket_going_count":"","_tribe_ticket_not_going_count":"","_tribe_tickets_list":"[]","_tribe_ticket_has_attendee_info_fields":false,"footnotes":"","_tec_slr_enabled":"","_tec_slr_layout":""},"class_list":["post-41358","page","type-page","status-publish","hentry"],"acf":[],"yoast_head":"<!-- This site is optimized with the Yoast SEO plugin v27.4 - https:\/\/yoast.com\/product\/yoast-seo-wordpress\/ -->\n<title>Formaci\u00f3n online - TimeWaver Academy<\/title>\n<meta name=\"description\" content=\"Descubre la formaci\u00f3n online de TimeWaver Academy \u2013 cursos pr\u00e1cticos, webinars y entrenamientos para terapeutas, coaches y usuarios desde cualquier lugar.\" \/>\n<meta name=\"robots\" content=\"index, follow, max-snippet:-1, max-image-preview:large, max-video-preview:-1\" \/>\n<link rel=\"canonical\" href=\"https:\/\/timewaver.com\/academy\/es\/formacion-online\/\" \/>\n<meta property=\"og:locale\" content=\"es_ES\" \/>\n<meta property=\"og:type\" content=\"article\" \/>\n<meta property=\"og:title\" content=\"Formaci\u00f3n online - TimeWaver Academy\" \/>\n<meta property=\"og:description\" content=\"Descubre la formaci\u00f3n online de TimeWaver Academy \u2013 cursos pr\u00e1cticos, webinars y entrenamientos para terapeutas, coaches y usuarios desde cualquier lugar.\" \/>\n<meta property=\"og:url\" content=\"https:\/\/timewaver.com\/academy\/es\/formacion-online\/\" \/>\n<meta property=\"og:site_name\" content=\"TimeWaver Academy\" \/>\n<meta property=\"article:modified_time\" content=\"2025-11-13T11:09:14+00:00\" \/>\n<meta property=\"og:image\" content=\"https:\/\/timewaver.com\/academy\/wp-content\/uploads\/sites\/5\/2022\/08\/Header-Mobil_Teaching_Seite1.jpg\" \/>\n<meta name=\"twitter:card\" content=\"summary_large_image\" \/>\n<meta name=\"twitter:label1\" content=\"Tiempo de lectura\" \/>\n\t<meta name=\"twitter:data1\" content=\"5 minutos\" \/>\n<script type=\"application\/ld+json\" class=\"yoast-schema-graph\">{\"@context\":\"https:\\\/\\\/schema.org\",\"@graph\":[{\"@type\":\"WebPage\",\"@id\":\"https:\\\/\\\/timewaver.com\\\/academy\\\/es\\\/formacion-online\\\/\",\"url\":\"https:\\\/\\\/timewaver.com\\\/academy\\\/es\\\/formacion-online\\\/\",\"name\":\"Formaci\u00f3n online - TimeWaver Academy\",\"isPartOf\":{\"@id\":\"https:\\\/\\\/timewaver.com\\\/academy\\\/es\\\/#website\"},\"primaryImageOfPage\":{\"@id\":\"https:\\\/\\\/timewaver.com\\\/academy\\\/es\\\/formacion-online\\\/#primaryimage\"},\"image\":{\"@id\":\"https:\\\/\\\/timewaver.com\\\/academy\\\/es\\\/formacion-online\\\/#primaryimage\"},\"thumbnailUrl\":\"https:\\\/\\\/timewaver.com\\\/academy\\\/wp-content\\\/uploads\\\/sites\\\/5\\\/2022\\\/08\\\/Header-Mobil_Teaching_Seite1.jpg\",\"datePublished\":\"2022-05-24T08:36:57+00:00\",\"dateModified\":\"2025-11-13T11:09:14+00:00\",\"description\":\"Descubre la formaci\u00f3n online de TimeWaver Academy \u2013 cursos pr\u00e1cticos, webinars y entrenamientos para terapeutas, coaches y usuarios desde cualquier lugar.\",\"breadcrumb\":{\"@id\":\"https:\\\/\\\/timewaver.com\\\/academy\\\/es\\\/formacion-online\\\/#breadcrumb\"},\"inLanguage\":\"es\",\"potentialAction\":[{\"@type\":\"ReadAction\",\"target\":[\"https:\\\/\\\/timewaver.com\\\/academy\\\/es\\\/formacion-online\\\/\"]}]},{\"@type\":\"ImageObject\",\"inLanguage\":\"es\",\"@id\":\"https:\\\/\\\/timewaver.com\\\/academy\\\/es\\\/formacion-online\\\/#primaryimage\",\"url\":\"https:\\\/\\\/timewaver.com\\\/academy\\\/wp-content\\\/uploads\\\/sites\\\/5\\\/2022\\\/08\\\/Header-Mobil_Teaching_Seite1.jpg\",\"contentUrl\":\"https:\\\/\\\/timewaver.com\\\/academy\\\/wp-content\\\/uploads\\\/sites\\\/5\\\/2022\\\/08\\\/Header-Mobil_Teaching_Seite1.jpg\"},{\"@type\":\"BreadcrumbList\",\"@id\":\"https:\\\/\\\/timewaver.com\\\/academy\\\/es\\\/formacion-online\\\/#breadcrumb\",\"itemListElement\":[{\"@type\":\"ListItem\",\"position\":1,\"name\":\"Home\",\"item\":\"https:\\\/\\\/timewaver.com\\\/academy\\\/es\\\/\"},{\"@type\":\"ListItem\",\"position\":2,\"name\":\"Formaci\u00f3n online\"}]},{\"@type\":\"WebSite\",\"@id\":\"https:\\\/\\\/timewaver.com\\\/academy\\\/es\\\/#website\",\"url\":\"https:\\\/\\\/timewaver.com\\\/academy\\\/es\\\/\",\"name\":\"TimeWaver Academy\",\"description\":\"\",\"publisher\":{\"@id\":\"https:\\\/\\\/timewaver.com\\\/academy\\\/es\\\/#organization\"},\"potentialAction\":[{\"@type\":\"SearchAction\",\"target\":{\"@type\":\"EntryPoint\",\"urlTemplate\":\"https:\\\/\\\/timewaver.com\\\/academy\\\/es\\\/?s={search_term_string}\"},\"query-input\":{\"@type\":\"PropertyValueSpecification\",\"valueRequired\":true,\"valueName\":\"search_term_string\"}}],\"inLanguage\":\"es\"},{\"@type\":\"Organization\",\"@id\":\"https:\\\/\\\/timewaver.com\\\/academy\\\/es\\\/#organization\",\"name\":\"TimeWaver Academy\",\"url\":\"https:\\\/\\\/timewaver.com\\\/academy\\\/es\\\/\",\"logo\":{\"@type\":\"ImageObject\",\"inLanguage\":\"es\",\"@id\":\"https:\\\/\\\/timewaver.com\\\/academy\\\/es\\\/#\\\/schema\\\/logo\\\/image\\\/\",\"url\":\"https:\\\/\\\/timewaver.com\\\/academy\\\/wp-content\\\/uploads\\\/sites\\\/5\\\/2021\\\/11\\\/TW_Sonderlogo.svg\",\"contentUrl\":\"https:\\\/\\\/timewaver.com\\\/academy\\\/wp-content\\\/uploads\\\/sites\\\/5\\\/2021\\\/11\\\/TW_Sonderlogo.svg\",\"width\":234,\"height\":74,\"caption\":\"TimeWaver Academy\"},\"image\":{\"@id\":\"https:\\\/\\\/timewaver.com\\\/academy\\\/es\\\/#\\\/schema\\\/logo\\\/image\\\/\"}}]}<\/script>\n<!-- \/ Yoast SEO plugin. -->","yoast_head_json":{"title":"Formaci\u00f3n online - TimeWaver Academy","description":"Descubre la formaci\u00f3n online de TimeWaver Academy \u2013 cursos pr\u00e1cticos, webinars y entrenamientos para terapeutas, coaches y usuarios desde cualquier lugar.","robots":{"index":"index","follow":"follow","max-snippet":"max-snippet:-1","max-image-preview":"max-image-preview:large","max-video-preview":"max-video-preview:-1"},"canonical":"https:\/\/timewaver.com\/academy\/es\/formacion-online\/","og_locale":"es_ES","og_type":"article","og_title":"Formaci\u00f3n online - TimeWaver Academy","og_description":"Descubre la formaci\u00f3n online de TimeWaver Academy \u2013 cursos pr\u00e1cticos, webinars y entrenamientos para terapeutas, coaches y usuarios desde cualquier lugar.","og_url":"https:\/\/timewaver.com\/academy\/es\/formacion-online\/","og_site_name":"TimeWaver Academy","article_modified_time":"2025-11-13T11:09:14+00:00","og_image":[{"url":"https:\/\/timewaver.com\/academy\/wp-content\/uploads\/sites\/5\/2022\/08\/Header-Mobil_Teaching_Seite1.jpg","type":"","width":"","height":""}],"twitter_card":"summary_large_image","twitter_misc":{"Tiempo de lectura":"5 minutos"},"schema":{"@context":"https:\/\/schema.org","@graph":[{"@type":"WebPage","@id":"https:\/\/timewaver.com\/academy\/es\/formacion-online\/","url":"https:\/\/timewaver.com\/academy\/es\/formacion-online\/","name":"Formaci\u00f3n online - TimeWaver Academy","isPartOf":{"@id":"https:\/\/timewaver.com\/academy\/es\/#website"},"primaryImageOfPage":{"@id":"https:\/\/timewaver.com\/academy\/es\/formacion-online\/#primaryimage"},"image":{"@id":"https:\/\/timewaver.com\/academy\/es\/formacion-online\/#primaryimage"},"thumbnailUrl":"https:\/\/timewaver.com\/academy\/wp-content\/uploads\/sites\/5\/2022\/08\/Header-Mobil_Teaching_Seite1.jpg","datePublished":"2022-05-24T08:36:57+00:00","dateModified":"2025-11-13T11:09:14+00:00","description":"Descubre la formaci\u00f3n online de TimeWaver Academy \u2013 cursos pr\u00e1cticos, webinars y entrenamientos para terapeutas, coaches y usuarios desde cualquier lugar.","breadcrumb":{"@id":"https:\/\/timewaver.com\/academy\/es\/formacion-online\/#breadcrumb"},"inLanguage":"es","potentialAction":[{"@type":"ReadAction","target":["https:\/\/timewaver.com\/academy\/es\/formacion-online\/"]}]},{"@type":"ImageObject","inLanguage":"es","@id":"https:\/\/timewaver.com\/academy\/es\/formacion-online\/#primaryimage","url":"https:\/\/timewaver.com\/academy\/wp-content\/uploads\/sites\/5\/2022\/08\/Header-Mobil_Teaching_Seite1.jpg","contentUrl":"https:\/\/timewaver.com\/academy\/wp-content\/uploads\/sites\/5\/2022\/08\/Header-Mobil_Teaching_Seite1.jpg"},{"@type":"BreadcrumbList","@id":"https:\/\/timewaver.com\/academy\/es\/formacion-online\/#breadcrumb","itemListElement":[{"@type":"ListItem","position":1,"name":"Home","item":"https:\/\/timewaver.com\/academy\/es\/"},{"@type":"ListItem","position":2,"name":"Formaci\u00f3n online"}]},{"@type":"WebSite","@id":"https:\/\/timewaver.com\/academy\/es\/#website","url":"https:\/\/timewaver.com\/academy\/es\/","name":"TimeWaver Academy","description":"","publisher":{"@id":"https:\/\/timewaver.com\/academy\/es\/#organization"},"potentialAction":[{"@type":"SearchAction","target":{"@type":"EntryPoint","urlTemplate":"https:\/\/timewaver.com\/academy\/es\/?s={search_term_string}"},"query-input":{"@type":"PropertyValueSpecification","valueRequired":true,"valueName":"search_term_string"}}],"inLanguage":"es"},{"@type":"Organization","@id":"https:\/\/timewaver.com\/academy\/es\/#organization","name":"TimeWaver Academy","url":"https:\/\/timewaver.com\/academy\/es\/","logo":{"@type":"ImageObject","inLanguage":"es","@id":"https:\/\/timewaver.com\/academy\/es\/#\/schema\/logo\/image\/","url":"https:\/\/timewaver.com\/academy\/wp-content\/uploads\/sites\/5\/2021\/11\/TW_Sonderlogo.svg","contentUrl":"https:\/\/timewaver.com\/academy\/wp-content\/uploads\/sites\/5\/2021\/11\/TW_Sonderlogo.svg","width":234,"height":74,"caption":"TimeWaver Academy"},"image":{"@id":"https:\/\/timewaver.com\/academy\/es\/#\/schema\/logo\/image\/"}}]}},"ticketed":false,"_links":{"self":[{"href":"https:\/\/timewaver.com\/academy\/es\/wp-json\/wp\/v2\/pages\/41358","targetHints":{"allow":["GET"]}}],"collection":[{"href":"https:\/\/timewaver.com\/academy\/es\/wp-json\/wp\/v2\/pages"}],"about":[{"href":"https:\/\/timewaver.com\/academy\/es\/wp-json\/wp\/v2\/types\/page"}],"author":[{"embeddable":true,"href":"https:\/\/timewaver.com\/academy\/es\/wp-json\/wp\/v2\/users\/2"}],"replies":[{"embeddable":true,"href":"https:\/\/timewaver.com\/academy\/es\/wp-json\/wp\/v2\/comments?post=41358"}],"version-history":[{"count":10,"href":"https:\/\/timewaver.com\/academy\/es\/wp-json\/wp\/v2\/pages\/41358\/revisions"}],"predecessor-version":[{"id":74892,"href":"https:\/\/timewaver.com\/academy\/es\/wp-json\/wp\/v2\/pages\/41358\/revisions\/74892"}],"wp:attachment":[{"href":"https:\/\/timewaver.com\/academy\/es\/wp-json\/wp\/v2\/media?parent=41358"}],"curies":[{"name":"wp","href":"https:\/\/api.w.org\/{rel}","templated":true}]}}