{"id":38752,"date":"2023-09-04T12:15:05","date_gmt":"2023-09-04T10:15:05","guid":{"rendered":"https:\/\/timewaver.com\/international\/termin-mit-timewaver\/"},"modified":"2026-03-24T08:33:17","modified_gmt":"2026-03-24T07:33:17","slug":"termin-mit-timewaver","status":"publish","type":"page","link":"https:\/\/timewaver.com\/international\/de\/termin-mit-timewaver\/","title":{"rendered":"Termin mit TimeWaver"},"content":{"rendered":"\t\t<div data-elementor-type=\"wp-page\" data-elementor-id=\"38752\" class=\"elementor elementor-38752 elementor-38625\" data-elementor-post-type=\"page\">\n\t\t\t\t\t\t<section class=\"elementor-section elementor-top-section elementor-element elementor-element-6b629d82 elementor-section-boxed elementor-section-height-default elementor-section-height-default\" data-id=\"6b629d82\" data-element_type=\"section\" data-e-type=\"section\" id=\"kalender\" data-settings=\"{&quot;background_background&quot;:&quot;classic&quot;}\">\n\t\t\t\t\t\t<div class=\"elementor-container elementor-column-gap-default\">\n\t\t\t\t\t<div class=\"elementor-column elementor-col-100 elementor-top-column elementor-element elementor-element-226ab9ca\" data-id=\"226ab9ca\" data-element_type=\"column\" data-e-type=\"column\" data-settings=\"{&quot;background_background&quot;:&quot;classic&quot;}\">\n\t\t\t<div class=\"elementor-widget-wrap elementor-element-populated\">\n\t\t\t\t\t\t<div class=\"elementor-element elementor-element-4411d98f elementor-widget elementor-widget-text-editor\" data-id=\"4411d98f\" data-element_type=\"widget\" data-e-type=\"widget\" data-widget_type=\"text-editor.default\">\n\t\t\t\t<div class=\"elementor-widget-container\">\n\t\t\t\t\t\t\t\t\t<h1>Wollen Sie mehr \u00fcber TimeWaver erfahren?<\/h1>\n<h4>Vereinbaren Sie einen Termin f\u00fcr ein kostenfreies Online-Meeting mit einem unserer Anwenderberater:<\/h4>\n\t\t\t\t\t\t\t\t<\/div>\n\t\t\t\t<\/div>\n\t\t\t\t<div class=\"elementor-element elementor-element-797d04fd elementor-hidden-desktop elementor-hidden-tablet elementor-hidden-mobile elementor-widget elementor-widget-text-editor\" data-id=\"797d04fd\" data-element_type=\"widget\" data-e-type=\"widget\" data-widget_type=\"text-editor.default\">\n\t\t\t\t<div class=\"elementor-widget-container\">\n\t\t\t\t\t\t\t\t\t<p>Erleben Sie das Spektrum der TimeWaver-Technologie live und entdecken Sie die tiefen Einblicke, die eine Analyse im Informationsfeld bieten kann.<\/p>\n\t\t\t\t\t\t\t\t<\/div>\n\t\t\t\t<\/div>\n\t\t\t\t<div class=\"elementor-element elementor-element-29640e23 elementor-widget elementor-widget-html\" data-id=\"29640e23\" data-element_type=\"widget\" data-e-type=\"widget\" data-widget_type=\"html.default\">\n\t\t\t\t<div class=\"elementor-widget-container\">\n\t\t\t\t\t<div id=\"kalender1\">\r\n<div id=\"calendly-inline-widget\" class=\"calendly-inline-widget \" \n                    data-url=\"https:\/\/calendly.com\/timewaver-demo\/live-one-on-one-de?hide_gdpr_banner=1\" data-redirection=\"\" \n                    style=\"height:700px; min-width:600px\"><\/div>\r\n<\/div>\t\t\t\t<\/div>\n\t\t\t\t<\/div>\n\t\t\t\t<div class=\"elementor-element elementor-element-6e438c19 uael-aspect-ratio-16_9 elementor-widget elementor-widget-uael-video\" data-id=\"6e438c19\" data-element_type=\"widget\" data-e-type=\"widget\" data-widget_type=\"uael-video.default\">\n\t\t\t\t<div class=\"elementor-widget-container\">\n\t\t\t\t\t\t\t\t\t<div class=\"uael-video__outer-wrap  uael-video-type-vimeo\" data-device=\"false\" data-vsticky=\"no\" data-hidedesktop=\"\" data-hidetablet=\"\" data-hidemobile=\"\" data-vsticky-viewport=\"0\" data-autoplay=\"1\">\n\t\t\t\t\t\t<div class=\"uael-video-inner-wrap\">\n\t\t\t\t<div class=\"uael-video__play\" data-src=\"https:\/\/player.vimeo.com\/video\/1075636947?autoplay=1&amp;loop=0&amp;title=0&amp;portrait=0&amp;byline=0&amp;muted=1&amp;color&amp;autopause=0&amp;autoplay=1#t=\">\n\t\t\t\t\t<img decoding=\"async\" class=\"uael-video__thumb\" src=\"\" alt=\"\"><\/img>\n\t\t\t\t\t<div class=\"uael-video__play-icon uael-animation-\">\n\t\t\t\t\t\t<i aria-hidden=\"true\" class=\"fa fa-play-circle\"><\/i>\t\t\t\t\t<\/div>\n\t\t\t\t<\/div>\n\t\t\t\t\t\t\t\t\t\t\t<\/div>\n\t\t<\/div>\n\t\t\t\t\t\t\t<\/div>\n\t\t\t\t<\/div>\n\t\t\t\t<div class=\"elementor-element elementor-element-183e28a uael-aspect-ratio-16_9 elementor-widget elementor-widget-uael-video\" data-id=\"183e28a\" data-element_type=\"widget\" data-e-type=\"widget\" data-widget_type=\"uael-video.default\">\n\t\t\t\t<div class=\"elementor-widget-container\">\n\t\t\t\t\t\t\t\t\t<div class=\"uael-video__outer-wrap  uael-video-type-vimeo\" data-device=\"false\" data-vsticky=\"no\" data-hidedesktop=\"\" data-hidetablet=\"\" data-hidemobile=\"\" data-vsticky-viewport=\"0\" data-autoplay=\"1\">\n\t\t\t\t\t\t<div class=\"uael-video-inner-wrap\">\n\t\t\t\t<div class=\"uael-video__play\" data-src=\"https:\/\/player.vimeo.com\/video\/1075637348?autoplay=1&amp;loop=0&amp;title=0&amp;portrait=0&amp;byline=0&amp;muted=1&amp;color&amp;autopause=0&amp;autoplay=1#t=\">\n\t\t\t\t\t<img decoding=\"async\" class=\"uael-video__thumb\" src=\"\" alt=\"\"><\/img>\n\t\t\t\t\t<div class=\"uael-video__play-icon uael-animation-\">\n\t\t\t\t\t\t<i aria-hidden=\"true\" class=\"fa fa-play-circle\"><\/i>\t\t\t\t\t<\/div>\n\t\t\t\t<\/div>\n\t\t\t\t\t\t\t\t\t\t\t<\/div>\n\t\t<\/div>\n\t\t\t\t\t\t\t<\/div>\n\t\t\t\t<\/div>\n\t\t\t\t<div class=\"elementor-element elementor-element-96c4b5 elementor-widget elementor-widget-text-editor\" data-id=\"96c4b5\" data-element_type=\"widget\" data-e-type=\"widget\" data-widget_type=\"text-editor.default\">\n\t\t\t\t<div class=\"elementor-widget-container\">\n\t\t\t\t\t\t\t\t\t<p><strong>Hinweis: <\/strong>Die Informationsfeld-Technologie ist eine unternehmenseigene Technologie von TimeWaver. Sie basiert auf der Theorie, dass das Informationsfeld der nicht-materielle Bereich ist, durch den Geist und Materie kommunizieren. Es spiegelt das wider, was wir als die spirituelle Bedeutung der Lebensereignisse betrachten. Die Existenz eines solchen Feldes wird in der wissenschaftlichen Literatur diskutiert.<\/p>\n<p>Die Analyse im Informationsfeld dient der Suche nach den Informationsmustern, die zur Harmonisierung des Informationsfeldes beitragen. Zu diesem Zweck wird Inhalten wie beschreibenden S\u00e4tzen, die in Listen angeordnet sind, eine Priorit\u00e4t zugewiesen, indem die Daten eines physikalischen Rauschgenerators ausgewertet werden. Nach der Erfahrung unserer Anwender spiegelt diese Priorit\u00e4t die Relevanz f\u00fcr den Benutzer wider. Eine Analyse im Informationsfeld entspricht einer Kombination von Faktoren zu dem Zeitpunkt, an dem die Analyse durchgef\u00fchrt wird, einschlie\u00dflich der Intention des Anwenders. Eine Analyse zu einem anderen Zeitpunkt kann aufgrund von \u00c4nderungen der Umgebungsvariablen zu einem anderen Ergebnis f\u00fchren.<\/p>\n<p>Wir haben in kontrollierten und randomisierten Gruppen von Teilnehmern unverblindete Vorher\/Nachher-Umfragen durchgef\u00fchrt. Diese Umfragen lassen darauf schlie\u00dfen, dass das Wohlbefinden der Teilnehmer nach der Anwendung h\u00f6her war. Wir f\u00fchren dies auf die Harmonisierung des Informationsfeldes zur\u00fcck, das wir als einheitliches Hintergrundfeld der materiellen und mentalen Dimension bezeichnen. Dies ist durch unabh\u00e4ngige Studien nicht best\u00e4tigt worden.<\/p>\n\t\t\t\t\t\t\t\t<\/div>\n\t\t\t\t<\/div>\n\t\t\t\t\t<\/div>\n\t\t<\/div>\n\t\t\t\t\t<\/div>\n\t\t<\/section>\n\t\t\t\t<\/div>\n\t\t","protected":false},"excerpt":{"rendered":"<p>Wollen Sie mehr \u00fcber TimeWaver erfahren? Vereinbaren Sie einen Termin f\u00fcr ein kostenfreies Online-Meeting mit einem unserer Anwenderberater: Erleben Sie das Spektrum der TimeWaver-Technologie live und entdecken Sie die tiefen [&hellip;]<\/p>\n","protected":false},"author":2,"featured_media":0,"parent":0,"menu_order":0,"comment_status":"closed","ping_status":"closed","template":"elementor_header_footer","meta":{"_acf_changed":false,"site-sidebar-layout":"no-sidebar","site-content-layout":"page-builder","ast-site-content-layout":"full-width-container","site-content-style":"unboxed","site-sidebar-style":"unboxed","ast-global-header-display":"","ast-banner-title-visibility":"","ast-main-header-display":"","ast-hfb-above-header-display":"","ast-hfb-below-header-display":"","ast-hfb-mobile-header-display":"","site-post-title":"disabled","ast-breadcrumbs-content":"","ast-featured-img":"disabled","footer-sml-layout":"","ast-disable-related-posts":"","theme-transparent-header-meta":"","adv-header-id-meta":"","stick-header-meta":"","header-above-stick-meta":"","header-main-stick-meta":"","header-below-stick-meta":"","astra-migrate-meta-layouts":"default","ast-page-background-enabled":"default","ast-page-background-meta":{"desktop":{"background-color":"var(--ast-global-color-4)","background-image":"","background-repeat":"repeat","background-position":"center center","background-size":"auto","background-attachment":"scroll","background-type":"","background-media":"","overlay-type":"","overlay-color":"","overlay-opacity":"","overlay-gradient":""},"tablet":{"background-color":"","background-image":"","background-repeat":"repeat","background-position":"center center","background-size":"auto","background-attachment":"scroll","background-type":"","background-media":"","overlay-type":"","overlay-color":"","overlay-opacity":"","overlay-gradient":""},"mobile":{"background-color":"","background-image":"","background-repeat":"repeat","background-position":"center center","background-size":"auto","background-attachment":"scroll","background-type":"","background-media":"","overlay-type":"","overlay-color":"","overlay-opacity":"","overlay-gradient":""}},"ast-content-background-meta":{"desktop":{"background-color":"var(--ast-global-color-5)","background-image":"","background-repeat":"repeat","background-position":"center center","background-size":"auto","background-attachment":"scroll","background-type":"","background-media":"","overlay-type":"","overlay-color":"","overlay-opacity":"","overlay-gradient":""},"tablet":{"background-color":"var(--ast-global-color-5)","background-image":"","background-repeat":"repeat","background-position":"center center","background-size":"auto","background-attachment":"scroll","background-type":"","background-media":"","overlay-type":"","overlay-color":"","overlay-opacity":"","overlay-gradient":""},"mobile":{"background-color":"var(--ast-global-color-5)","background-image":"","background-repeat":"repeat","background-position":"center center","background-size":"auto","background-attachment":"scroll","background-type":"","background-media":"","overlay-type":"","overlay-color":"","overlay-opacity":"","overlay-gradient":""}},"footnotes":""},"class_list":["post-38752","page","type-page","status-publish","hentry"],"acf":[],"yoast_head":"<!-- This site is optimized with the Yoast SEO plugin v27.4 - https:\/\/yoast.com\/product\/yoast-seo-wordpress\/ -->\n<title>Termin mit TimeWaver - TimeWaver International<\/title>\n<meta name=\"description\" content=\"Vereinbaren Sie ein kostenloses Online-Gespr\u00e4ch mit TimeWaver: Erleben Sie Live-Demos der Informationsfeld-Technologie und entdecken Sie neue Perspektiven.\" \/>\n<meta name=\"robots\" content=\"index, follow, max-snippet:-1, max-image-preview:large, max-video-preview:-1\" \/>\n<link rel=\"canonical\" href=\"https:\/\/timewaver.com\/international\/de\/termin-mit-timewaver\/\" \/>\n<meta property=\"og:locale\" content=\"de_DE\" \/>\n<meta property=\"og:type\" content=\"article\" \/>\n<meta property=\"og:title\" content=\"Termin mit TimeWaver - TimeWaver International\" \/>\n<meta property=\"og:description\" content=\"Vereinbaren Sie ein kostenloses Online-Gespr\u00e4ch mit TimeWaver: Erleben Sie Live-Demos der Informationsfeld-Technologie und entdecken Sie neue Perspektiven.\" \/>\n<meta property=\"og:url\" content=\"https:\/\/timewaver.com\/international\/de\/termin-mit-timewaver\/\" \/>\n<meta property=\"og:site_name\" content=\"TimeWaver International\" \/>\n<meta property=\"article:modified_time\" content=\"2026-03-24T07:33:17+00:00\" \/>\n<meta name=\"twitter:card\" content=\"summary_large_image\" \/>\n<meta name=\"twitter:label1\" content=\"Gesch\u00e4tzte Lesezeit\" \/>\n\t<meta name=\"twitter:data1\" content=\"1\u00a0Minute\" \/>\n<script type=\"application\/ld+json\" class=\"yoast-schema-graph\">{\"@context\":\"https:\\\/\\\/schema.org\",\"@graph\":[{\"@type\":\"WebPage\",\"@id\":\"https:\\\/\\\/timewaver.com\\\/international\\\/de\\\/termin-mit-timewaver\\\/\",\"url\":\"https:\\\/\\\/timewaver.com\\\/international\\\/de\\\/termin-mit-timewaver\\\/\",\"name\":\"Termin mit TimeWaver - TimeWaver International\",\"isPartOf\":{\"@id\":\"https:\\\/\\\/timewaver.com\\\/international\\\/de\\\/#website\"},\"datePublished\":\"2023-09-04T10:15:05+00:00\",\"dateModified\":\"2026-03-24T07:33:17+00:00\",\"description\":\"Vereinbaren Sie ein kostenloses Online-Gespr\u00e4ch mit TimeWaver: Erleben Sie Live-Demos der Informationsfeld-Technologie und entdecken Sie neue Perspektiven.\",\"breadcrumb\":{\"@id\":\"https:\\\/\\\/timewaver.com\\\/international\\\/de\\\/termin-mit-timewaver\\\/#breadcrumb\"},\"inLanguage\":\"de\",\"potentialAction\":[{\"@type\":\"ReadAction\",\"target\":[\"https:\\\/\\\/timewaver.com\\\/international\\\/de\\\/termin-mit-timewaver\\\/\"]}]},{\"@type\":\"BreadcrumbList\",\"@id\":\"https:\\\/\\\/timewaver.com\\\/international\\\/de\\\/termin-mit-timewaver\\\/#breadcrumb\",\"itemListElement\":[{\"@type\":\"ListItem\",\"position\":1,\"name\":\"Home\",\"item\":\"https:\\\/\\\/timewaver.com\\\/international\\\/de\\\/\"},{\"@type\":\"ListItem\",\"position\":2,\"name\":\"Termin mit TimeWaver\"}]},{\"@type\":\"WebSite\",\"@id\":\"https:\\\/\\\/timewaver.com\\\/international\\\/de\\\/#website\",\"url\":\"https:\\\/\\\/timewaver.com\\\/international\\\/de\\\/\",\"name\":\"TimeWaver International\",\"description\":\"\",\"publisher\":{\"@id\":\"https:\\\/\\\/timewaver.com\\\/international\\\/de\\\/#organization\"},\"potentialAction\":[{\"@type\":\"SearchAction\",\"target\":{\"@type\":\"EntryPoint\",\"urlTemplate\":\"https:\\\/\\\/timewaver.com\\\/international\\\/de\\\/?s={search_term_string}\"},\"query-input\":{\"@type\":\"PropertyValueSpecification\",\"valueRequired\":true,\"valueName\":\"search_term_string\"}}],\"inLanguage\":\"de\"},{\"@type\":\"Organization\",\"@id\":\"https:\\\/\\\/timewaver.com\\\/international\\\/de\\\/#organization\",\"name\":\"TimeWaver International\",\"url\":\"https:\\\/\\\/timewaver.com\\\/international\\\/de\\\/\",\"logo\":{\"@type\":\"ImageObject\",\"inLanguage\":\"de\",\"@id\":\"https:\\\/\\\/timewaver.com\\\/international\\\/de\\\/#\\\/schema\\\/logo\\\/image\\\/\",\"url\":\"https:\\\/\\\/timewaver.com\\\/international\\\/wp-content\\\/uploads\\\/sites\\\/3\\\/2021\\\/11\\\/TW_Sonderlogo.svg\",\"contentUrl\":\"https:\\\/\\\/timewaver.com\\\/international\\\/wp-content\\\/uploads\\\/sites\\\/3\\\/2021\\\/11\\\/TW_Sonderlogo.svg\",\"width\":234,\"height\":74,\"caption\":\"TimeWaver International\"},\"image\":{\"@id\":\"https:\\\/\\\/timewaver.com\\\/international\\\/de\\\/#\\\/schema\\\/logo\\\/image\\\/\"}}]}<\/script>\n<!-- \/ Yoast SEO plugin. -->","yoast_head_json":{"title":"Termin mit TimeWaver - TimeWaver International","description":"Vereinbaren Sie ein kostenloses Online-Gespr\u00e4ch mit TimeWaver: Erleben Sie Live-Demos der Informationsfeld-Technologie und entdecken Sie neue Perspektiven.","robots":{"index":"index","follow":"follow","max-snippet":"max-snippet:-1","max-image-preview":"max-image-preview:large","max-video-preview":"max-video-preview:-1"},"canonical":"https:\/\/timewaver.com\/international\/de\/termin-mit-timewaver\/","og_locale":"de_DE","og_type":"article","og_title":"Termin mit TimeWaver - TimeWaver International","og_description":"Vereinbaren Sie ein kostenloses Online-Gespr\u00e4ch mit TimeWaver: Erleben Sie Live-Demos der Informationsfeld-Technologie und entdecken Sie neue Perspektiven.","og_url":"https:\/\/timewaver.com\/international\/de\/termin-mit-timewaver\/","og_site_name":"TimeWaver International","article_modified_time":"2026-03-24T07:33:17+00:00","twitter_card":"summary_large_image","twitter_misc":{"Gesch\u00e4tzte Lesezeit":"1\u00a0Minute"},"schema":{"@context":"https:\/\/schema.org","@graph":[{"@type":"WebPage","@id":"https:\/\/timewaver.com\/international\/de\/termin-mit-timewaver\/","url":"https:\/\/timewaver.com\/international\/de\/termin-mit-timewaver\/","name":"Termin mit TimeWaver - TimeWaver International","isPartOf":{"@id":"https:\/\/timewaver.com\/international\/de\/#website"},"datePublished":"2023-09-04T10:15:05+00:00","dateModified":"2026-03-24T07:33:17+00:00","description":"Vereinbaren Sie ein kostenloses Online-Gespr\u00e4ch mit TimeWaver: Erleben Sie Live-Demos der Informationsfeld-Technologie und entdecken Sie neue Perspektiven.","breadcrumb":{"@id":"https:\/\/timewaver.com\/international\/de\/termin-mit-timewaver\/#breadcrumb"},"inLanguage":"de","potentialAction":[{"@type":"ReadAction","target":["https:\/\/timewaver.com\/international\/de\/termin-mit-timewaver\/"]}]},{"@type":"BreadcrumbList","@id":"https:\/\/timewaver.com\/international\/de\/termin-mit-timewaver\/#breadcrumb","itemListElement":[{"@type":"ListItem","position":1,"name":"Home","item":"https:\/\/timewaver.com\/international\/de\/"},{"@type":"ListItem","position":2,"name":"Termin mit TimeWaver"}]},{"@type":"WebSite","@id":"https:\/\/timewaver.com\/international\/de\/#website","url":"https:\/\/timewaver.com\/international\/de\/","name":"TimeWaver International","description":"","publisher":{"@id":"https:\/\/timewaver.com\/international\/de\/#organization"},"potentialAction":[{"@type":"SearchAction","target":{"@type":"EntryPoint","urlTemplate":"https:\/\/timewaver.com\/international\/de\/?s={search_term_string}"},"query-input":{"@type":"PropertyValueSpecification","valueRequired":true,"valueName":"search_term_string"}}],"inLanguage":"de"},{"@type":"Organization","@id":"https:\/\/timewaver.com\/international\/de\/#organization","name":"TimeWaver International","url":"https:\/\/timewaver.com\/international\/de\/","logo":{"@type":"ImageObject","inLanguage":"de","@id":"https:\/\/timewaver.com\/international\/de\/#\/schema\/logo\/image\/","url":"https:\/\/timewaver.com\/international\/wp-content\/uploads\/sites\/3\/2021\/11\/TW_Sonderlogo.svg","contentUrl":"https:\/\/timewaver.com\/international\/wp-content\/uploads\/sites\/3\/2021\/11\/TW_Sonderlogo.svg","width":234,"height":74,"caption":"TimeWaver International"},"image":{"@id":"https:\/\/timewaver.com\/international\/de\/#\/schema\/logo\/image\/"}}]}},"jetpack_sharing_enabled":true,"_links":{"self":[{"href":"https:\/\/timewaver.com\/international\/de\/wp-json\/wp\/v2\/pages\/38752","targetHints":{"allow":["GET"]}}],"collection":[{"href":"https:\/\/timewaver.com\/international\/de\/wp-json\/wp\/v2\/pages"}],"about":[{"href":"https:\/\/timewaver.com\/international\/de\/wp-json\/wp\/v2\/types\/page"}],"author":[{"embeddable":true,"href":"https:\/\/timewaver.com\/international\/de\/wp-json\/wp\/v2\/users\/2"}],"replies":[{"embeddable":true,"href":"https:\/\/timewaver.com\/international\/de\/wp-json\/wp\/v2\/comments?post=38752"}],"version-history":[{"count":6,"href":"https:\/\/timewaver.com\/international\/de\/wp-json\/wp\/v2\/pages\/38752\/revisions"}],"predecessor-version":[{"id":73747,"href":"https:\/\/timewaver.com\/international\/de\/wp-json\/wp\/v2\/pages\/38752\/revisions\/73747"}],"wp:attachment":[{"href":"https:\/\/timewaver.com\/international\/de\/wp-json\/wp\/v2\/media?parent=38752"}],"curies":[{"name":"wp","href":"https:\/\/api.w.org\/{rel}","templated":true}]}}