{"id":39740,"date":"2023-09-04T12:15:05","date_gmt":"2023-09-04T10:15:05","guid":{"rendered":"https:\/\/timewaver.com\/international\/appointment-with-timewaver\/"},"modified":"2026-03-24T08:34:06","modified_gmt":"2026-03-24T07:34:06","slug":"appointment-with-timewaver","status":"publish","type":"page","link":"https:\/\/timewaver.com\/international\/es\/appointment-with-timewaver\/","title":{"rendered":"Appointment with TimeWaver"},"content":{"rendered":"\t\t<div data-elementor-type=\"wp-page\" data-elementor-id=\"39740\" class=\"elementor elementor-39740 elementor-38625\" data-elementor-post-type=\"page\">\n\t\t\t\t\t\t<section class=\"elementor-section elementor-top-section elementor-element elementor-element-6b629d82 elementor-section-boxed elementor-section-height-default elementor-section-height-default\" data-id=\"6b629d82\" data-element_type=\"section\" data-e-type=\"section\" id=\"kalender\" data-settings=\"{&quot;background_background&quot;:&quot;classic&quot;}\">\n\t\t\t\t\t\t<div class=\"elementor-container elementor-column-gap-default\">\n\t\t\t\t\t<div class=\"elementor-column elementor-col-100 elementor-top-column elementor-element elementor-element-226ab9ca\" data-id=\"226ab9ca\" data-element_type=\"column\" data-e-type=\"column\" data-settings=\"{&quot;background_background&quot;:&quot;classic&quot;}\">\n\t\t\t<div class=\"elementor-widget-wrap elementor-element-populated\">\n\t\t\t\t\t\t<div class=\"elementor-element elementor-element-4411d98f elementor-widget elementor-widget-text-editor\" data-id=\"4411d98f\" data-element_type=\"widget\" data-e-type=\"widget\" data-widget_type=\"text-editor.default\">\n\t\t\t\t<div class=\"elementor-widget-container\">\n\t\t\t\t\t\t\t\t\t<h1>\u00bfQuieres saber m\u00e1s sobre TimeWaver?<\/h1>\n<h4>Pide cita para una reuni\u00f3n online con uno de nuestros representantes de clientes:<\/h4>\n\t\t\t\t\t\t\t\t<\/div>\n\t\t\t\t<\/div>\n\t\t\t\t<div class=\"elementor-element elementor-element-797d04fd elementor-hidden-desktop elementor-hidden-tablet elementor-hidden-mobile elementor-widget elementor-widget-text-editor\" data-id=\"797d04fd\" data-element_type=\"widget\" data-e-type=\"widget\" data-widget_type=\"text-editor.default\">\n\t\t\t\t<div class=\"elementor-widget-container\">\n\t\t\t\t\t\t\t\t\t<p>Descubre la gama de la tecnolog\u00eda TimeWaver en primera persona y observa los conocimientos en detalle que ofrecen los an\u00e1lisis del Campo de Informaci\u00f3n.<\/p>\n\t\t\t\t\t\t\t\t<\/div>\n\t\t\t\t<\/div>\n\t\t\t\t<div class=\"elementor-element elementor-element-29640e23 elementor-widget elementor-widget-html\" data-id=\"29640e23\" data-element_type=\"widget\" data-e-type=\"widget\" data-widget_type=\"html.default\">\n\t\t\t\t<div class=\"elementor-widget-container\">\n\t\t\t\t\t<div id=\"kalender1\">\r\n<div id=\"calendly-inline-widget\" data-url=\"https:\/\/calendly.com\/recconectainfo\/timewaver-free-demo?hide_gdpr_banner=1\" class=\"calendly-inline-widget \" data-url=\"https:\/\/calendly.com\/recconectainfo\/timewaver-free-demo?hide_gdpr_banner=1\"\n                     style=\"height:700px; min-width:600px\"><\/div>\r\n<\/div>\t\t\t\t<\/div>\n\t\t\t\t<\/div>\n\t\t\t\t<div class=\"elementor-element elementor-element-6e438c19 uael-aspect-ratio-16_9 elementor-widget elementor-widget-uael-video\" data-id=\"6e438c19\" data-element_type=\"widget\" data-e-type=\"widget\" data-widget_type=\"uael-video.default\">\n\t\t\t\t<div class=\"elementor-widget-container\">\n\t\t\t\t\t\t\t\t\t<div class=\"uael-video__outer-wrap  uael-video-type-vimeo\" data-device=\"false\" data-vsticky=\"no\" data-hidedesktop=\"\" data-hidetablet=\"\" data-hidemobile=\"\" data-vsticky-viewport=\"0\" data-autoplay=\"1\">\n\t\t\t\t\t\t<div class=\"uael-video-inner-wrap\">\n\t\t\t\t<div class=\"uael-video__play\" data-src=\"https:\/\/player.vimeo.com\/video\/1075636947?autoplay=1&amp;loop=0&amp;title=0&amp;portrait=0&amp;byline=0&amp;muted=1&amp;color&amp;autopause=0&amp;autoplay=1#t=\">\n\t\t\t\t\t<img decoding=\"async\" class=\"uael-video__thumb\" src=\"\" alt=\"\"><\/img>\n\t\t\t\t\t<div class=\"uael-video__play-icon uael-animation-\">\n\t\t\t\t\t\t<i aria-hidden=\"true\" class=\"fa fa-play-circle\"><\/i>\t\t\t\t\t<\/div>\n\t\t\t\t<\/div>\n\t\t\t\t\t\t\t\t\t\t\t<\/div>\n\t\t<\/div>\n\t\t\t\t\t\t\t<\/div>\n\t\t\t\t<\/div>\n\t\t\t\t<div class=\"elementor-element elementor-element-183e28a uael-aspect-ratio-16_9 elementor-widget elementor-widget-uael-video\" data-id=\"183e28a\" data-element_type=\"widget\" data-e-type=\"widget\" data-widget_type=\"uael-video.default\">\n\t\t\t\t<div class=\"elementor-widget-container\">\n\t\t\t\t\t\t\t\t\t<div class=\"uael-video__outer-wrap  uael-video-type-vimeo\" data-device=\"false\" data-vsticky=\"no\" data-hidedesktop=\"\" data-hidetablet=\"\" data-hidemobile=\"\" data-vsticky-viewport=\"0\" data-autoplay=\"1\">\n\t\t\t\t\t\t<div class=\"uael-video-inner-wrap\">\n\t\t\t\t<div class=\"uael-video__play\" data-src=\"https:\/\/player.vimeo.com\/video\/1075637348?autoplay=1&amp;loop=0&amp;title=0&amp;portrait=0&amp;byline=0&amp;muted=1&amp;color&amp;autopause=0&amp;autoplay=1#t=\">\n\t\t\t\t\t<img decoding=\"async\" class=\"uael-video__thumb\" src=\"\" alt=\"\"><\/img>\n\t\t\t\t\t<div class=\"uael-video__play-icon uael-animation-\">\n\t\t\t\t\t\t<i aria-hidden=\"true\" class=\"fa fa-play-circle\"><\/i>\t\t\t\t\t<\/div>\n\t\t\t\t<\/div>\n\t\t\t\t\t\t\t\t\t\t\t<\/div>\n\t\t<\/div>\n\t\t\t\t\t\t\t<\/div>\n\t\t\t\t<\/div>\n\t\t\t\t<div class=\"elementor-element elementor-element-96c4b5 elementor-widget elementor-widget-text-editor\" data-id=\"96c4b5\" data-element_type=\"widget\" data-e-type=\"widget\" data-widget_type=\"text-editor.default\">\n\t\t\t\t<div class=\"elementor-widget-container\">\n\t\t\t\t\t\t\t\t\t<p><strong>Aviso:<\/strong>La tecnolog\u00eda del Campo de Informaci\u00f3n es una tecnolog\u00eda propia de TimeWaver. Est\u00e1 basada en la teor\u00eda de que el Campo de Informaci\u00f3n es una zona no material a trav\u00e9s de la cual se comunican el esp\u00edritu y la materia. Refleja lo que consideramos que es el significado espiritual de las experiencias vitales. La existencia de dicho campo se aborda en la literatura cient\u00edfica.\n<\/p>\n<p>\nEl an\u00e1lisis en el Campo de Informaci\u00f3n est\u00e1 dise\u00f1ado para buscar los patrones de informaci\u00f3n que contribuyen a la armonizaci\u00f3n del Campo de Informaci\u00f3n. Para este prop\u00f3sito, se asigna una prioridad a contenidos como frases descriptivas, dispuestas en listas, mediante la evaluaci\u00f3n de los datos de un generador de ruido f\u00edsico. De acuerdo con la experiencia de nuestros usuarios, esta prioridad refleja la relevancia para el usuario. Un an\u00e1lisis del Campo de Informaci\u00f3n refleja una combinaci\u00f3n de factores en el momento en que se realiza el an\u00e1lisis, incluida la intenci\u00f3n del usuario. Un an\u00e1lisis en un momento diferente puede tener otro resultado debido a los cambios en las variables del entorno.\n<\/p>\n<p>\nTimeWaver ha realizado estudios no ciegos antes y despu\u00e9s en grupos de participantes controlados y aleatorios, los cuales sugieren que el bienestar de los participantes aument\u00f3 despu\u00e9s de la aplicaci\u00f3n. Atribuimos este hecho a la armonizaci\u00f3n del Campo de Informaci\u00f3n, donde la energ\u00eda de la vida, tambi\u00e9n llamada Chi (o Qi) y Pran\u00e1, vuelve a fluir. Este hecho no ha sido confirmado por estudios independientes.<\/p>\n\t\t\t\t\t\t\t\t<\/div>\n\t\t\t\t<\/div>\n\t\t\t\t\t<\/div>\n\t\t<\/div>\n\t\t\t\t\t<\/div>\n\t\t<\/section>\n\t\t\t\t<\/div>\n\t\t","protected":false},"excerpt":{"rendered":"<p>\u00bfQuieres saber m\u00e1s sobre TimeWaver? Pide cita para una reuni\u00f3n online con uno de nuestros representantes de clientes: Descubre la gama de la tecnolog\u00eda TimeWaver en primera persona y observa [&hellip;]<\/p>\n","protected":false},"author":2,"featured_media":0,"parent":0,"menu_order":0,"comment_status":"closed","ping_status":"closed","template":"elementor_header_footer","meta":{"_acf_changed":false,"site-sidebar-layout":"no-sidebar","site-content-layout":"page-builder","ast-site-content-layout":"full-width-container","site-content-style":"unboxed","site-sidebar-style":"unboxed","ast-global-header-display":"","ast-banner-title-visibility":"","ast-main-header-display":"","ast-hfb-above-header-display":"","ast-hfb-below-header-display":"","ast-hfb-mobile-header-display":"","site-post-title":"disabled","ast-breadcrumbs-content":"","ast-featured-img":"disabled","footer-sml-layout":"","theme-transparent-header-meta":"","adv-header-id-meta":"","stick-header-meta":"","header-above-stick-meta":"","header-main-stick-meta":"","header-below-stick-meta":"","astra-migrate-meta-layouts":"default","ast-page-background-enabled":"default","ast-page-background-meta":{"desktop":{"background-color":"var(--ast-global-color-4)","background-image":"","background-repeat":"repeat","background-position":"center center","background-size":"auto","background-attachment":"scroll","background-type":"","background-media":"","overlay-type":"","overlay-color":"","overlay-opacity":"","overlay-gradient":""},"tablet":{"background-color":"","background-image":"","background-repeat":"repeat","background-position":"center center","background-size":"auto","background-attachment":"scroll","background-type":"","background-media":"","overlay-type":"","overlay-color":"","overlay-opacity":"","overlay-gradient":""},"mobile":{"background-color":"","background-image":"","background-repeat":"repeat","background-position":"center center","background-size":"auto","background-attachment":"scroll","background-type":"","background-media":"","overlay-type":"","overlay-color":"","overlay-opacity":"","overlay-gradient":""}},"ast-content-background-meta":{"desktop":{"background-color":"var(--ast-global-color-5)","background-image":"","background-repeat":"repeat","background-position":"center center","background-size":"auto","background-attachment":"scroll","background-type":"","background-media":"","overlay-type":"","overlay-color":"","overlay-opacity":"","overlay-gradient":""},"tablet":{"background-color":"var(--ast-global-color-5)","background-image":"","background-repeat":"repeat","background-position":"center center","background-size":"auto","background-attachment":"scroll","background-type":"","background-media":"","overlay-type":"","overlay-color":"","overlay-opacity":"","overlay-gradient":""},"mobile":{"background-color":"var(--ast-global-color-5)","background-image":"","background-repeat":"repeat","background-position":"center center","background-size":"auto","background-attachment":"scroll","background-type":"","background-media":"","overlay-type":"","overlay-color":"","overlay-opacity":"","overlay-gradient":""}},"footnotes":""},"class_list":["post-39740","page","type-page","status-publish","hentry"],"acf":[],"yoast_head":"<!-- This site is optimized with the Yoast SEO plugin v25.4 - https:\/\/yoast.com\/wordpress\/plugins\/seo\/ -->\n<title>Appointment with TimeWaver - TimeWaver International<\/title>\n<meta name=\"description\" content=\"Reserva una cita gratuita en l\u00ednea con TimeWaver: experimenta demostraciones en vivo del Campo de Informaci\u00f3n y descubre c\u00f3mo puede enriquecer tu vida.\" \/>\n<meta name=\"robots\" content=\"index, follow, max-snippet:-1, max-image-preview:large, max-video-preview:-1\" \/>\n<link rel=\"canonical\" href=\"https:\/\/timewaver.com\/international\/es\/appointment-with-timewaver\/\" \/>\n<meta property=\"og:locale\" content=\"es_ES\" \/>\n<meta property=\"og:type\" content=\"article\" \/>\n<meta property=\"og:title\" content=\"Appointment with TimeWaver - TimeWaver International\" \/>\n<meta property=\"og:description\" content=\"Reserva una cita gratuita en l\u00ednea con TimeWaver: experimenta demostraciones en vivo del Campo de Informaci\u00f3n y descubre c\u00f3mo puede enriquecer tu vida.\" \/>\n<meta property=\"og:url\" content=\"https:\/\/timewaver.com\/international\/es\/appointment-with-timewaver\/\" \/>\n<meta property=\"og:site_name\" content=\"TimeWaver International\" \/>\n<meta property=\"article:modified_time\" content=\"2026-03-24T07:34:06+00:00\" \/>\n<meta name=\"twitter:card\" content=\"summary_large_image\" \/>\n<meta name=\"twitter:label1\" content=\"Tiempo de lectura\" \/>\n\t<meta name=\"twitter:data1\" content=\"2 minutos\" \/>\n<script type=\"application\/ld+json\" class=\"yoast-schema-graph\">{\"@context\":\"https:\/\/schema.org\",\"@graph\":[{\"@type\":\"WebPage\",\"@id\":\"https:\/\/timewaver.com\/international\/es\/appointment-with-timewaver\/\",\"url\":\"https:\/\/timewaver.com\/international\/es\/appointment-with-timewaver\/\",\"name\":\"Appointment with TimeWaver - TimeWaver International\",\"isPartOf\":{\"@id\":\"https:\/\/timewaver.com\/international\/es\/#website\"},\"datePublished\":\"2023-09-04T10:15:05+00:00\",\"dateModified\":\"2026-03-24T07:34:06+00:00\",\"description\":\"Reserva una cita gratuita en l\u00ednea con TimeWaver: experimenta demostraciones en vivo del Campo de Informaci\u00f3n y descubre c\u00f3mo puede enriquecer tu vida.\",\"breadcrumb\":{\"@id\":\"https:\/\/timewaver.com\/international\/es\/appointment-with-timewaver\/#breadcrumb\"},\"inLanguage\":\"es\",\"potentialAction\":[{\"@type\":\"ReadAction\",\"target\":[\"https:\/\/timewaver.com\/international\/es\/appointment-with-timewaver\/\"]}]},{\"@type\":\"BreadcrumbList\",\"@id\":\"https:\/\/timewaver.com\/international\/es\/appointment-with-timewaver\/#breadcrumb\",\"itemListElement\":[{\"@type\":\"ListItem\",\"position\":1,\"name\":\"Home\",\"item\":\"https:\/\/timewaver.com\/international\/es\/\"},{\"@type\":\"ListItem\",\"position\":2,\"name\":\"Appointment with TimeWaver\"}]},{\"@type\":\"WebSite\",\"@id\":\"https:\/\/timewaver.com\/international\/es\/#website\",\"url\":\"https:\/\/timewaver.com\/international\/es\/\",\"name\":\"TimeWaver International\",\"description\":\"\",\"publisher\":{\"@id\":\"https:\/\/timewaver.com\/international\/es\/#organization\"},\"potentialAction\":[{\"@type\":\"SearchAction\",\"target\":{\"@type\":\"EntryPoint\",\"urlTemplate\":\"https:\/\/timewaver.com\/international\/es\/?s={search_term_string}\"},\"query-input\":{\"@type\":\"PropertyValueSpecification\",\"valueRequired\":true,\"valueName\":\"search_term_string\"}}],\"inLanguage\":\"es\"},{\"@type\":\"Organization\",\"@id\":\"https:\/\/timewaver.com\/international\/es\/#organization\",\"name\":\"TimeWaver International\",\"url\":\"https:\/\/timewaver.com\/international\/es\/\",\"logo\":{\"@type\":\"ImageObject\",\"inLanguage\":\"es\",\"@id\":\"https:\/\/timewaver.com\/international\/es\/#\/schema\/logo\/image\/\",\"url\":\"https:\/\/timewaver.com\/international\/wp-content\/uploads\/sites\/3\/2021\/11\/TW_Sonderlogo.svg\",\"contentUrl\":\"https:\/\/timewaver.com\/international\/wp-content\/uploads\/sites\/3\/2021\/11\/TW_Sonderlogo.svg\",\"width\":234,\"height\":74,\"caption\":\"TimeWaver International\"},\"image\":{\"@id\":\"https:\/\/timewaver.com\/international\/es\/#\/schema\/logo\/image\/\"}}]}<\/script>\n<!-- \/ Yoast SEO plugin. -->","yoast_head_json":{"title":"Appointment with TimeWaver - TimeWaver International","description":"Reserva una cita gratuita en l\u00ednea con TimeWaver: experimenta demostraciones en vivo del Campo de Informaci\u00f3n y descubre c\u00f3mo puede enriquecer tu vida.","robots":{"index":"index","follow":"follow","max-snippet":"max-snippet:-1","max-image-preview":"max-image-preview:large","max-video-preview":"max-video-preview:-1"},"canonical":"https:\/\/timewaver.com\/international\/es\/appointment-with-timewaver\/","og_locale":"es_ES","og_type":"article","og_title":"Appointment with TimeWaver - TimeWaver International","og_description":"Reserva una cita gratuita en l\u00ednea con TimeWaver: experimenta demostraciones en vivo del Campo de Informaci\u00f3n y descubre c\u00f3mo puede enriquecer tu vida.","og_url":"https:\/\/timewaver.com\/international\/es\/appointment-with-timewaver\/","og_site_name":"TimeWaver International","article_modified_time":"2026-03-24T07:34:06+00:00","twitter_card":"summary_large_image","twitter_misc":{"Tiempo de lectura":"2 minutos"},"schema":{"@context":"https:\/\/schema.org","@graph":[{"@type":"WebPage","@id":"https:\/\/timewaver.com\/international\/es\/appointment-with-timewaver\/","url":"https:\/\/timewaver.com\/international\/es\/appointment-with-timewaver\/","name":"Appointment with TimeWaver - TimeWaver International","isPartOf":{"@id":"https:\/\/timewaver.com\/international\/es\/#website"},"datePublished":"2023-09-04T10:15:05+00:00","dateModified":"2026-03-24T07:34:06+00:00","description":"Reserva una cita gratuita en l\u00ednea con TimeWaver: experimenta demostraciones en vivo del Campo de Informaci\u00f3n y descubre c\u00f3mo puede enriquecer tu vida.","breadcrumb":{"@id":"https:\/\/timewaver.com\/international\/es\/appointment-with-timewaver\/#breadcrumb"},"inLanguage":"es","potentialAction":[{"@type":"ReadAction","target":["https:\/\/timewaver.com\/international\/es\/appointment-with-timewaver\/"]}]},{"@type":"BreadcrumbList","@id":"https:\/\/timewaver.com\/international\/es\/appointment-with-timewaver\/#breadcrumb","itemListElement":[{"@type":"ListItem","position":1,"name":"Home","item":"https:\/\/timewaver.com\/international\/es\/"},{"@type":"ListItem","position":2,"name":"Appointment with TimeWaver"}]},{"@type":"WebSite","@id":"https:\/\/timewaver.com\/international\/es\/#website","url":"https:\/\/timewaver.com\/international\/es\/","name":"TimeWaver International","description":"","publisher":{"@id":"https:\/\/timewaver.com\/international\/es\/#organization"},"potentialAction":[{"@type":"SearchAction","target":{"@type":"EntryPoint","urlTemplate":"https:\/\/timewaver.com\/international\/es\/?s={search_term_string}"},"query-input":{"@type":"PropertyValueSpecification","valueRequired":true,"valueName":"search_term_string"}}],"inLanguage":"es"},{"@type":"Organization","@id":"https:\/\/timewaver.com\/international\/es\/#organization","name":"TimeWaver International","url":"https:\/\/timewaver.com\/international\/es\/","logo":{"@type":"ImageObject","inLanguage":"es","@id":"https:\/\/timewaver.com\/international\/es\/#\/schema\/logo\/image\/","url":"https:\/\/timewaver.com\/international\/wp-content\/uploads\/sites\/3\/2021\/11\/TW_Sonderlogo.svg","contentUrl":"https:\/\/timewaver.com\/international\/wp-content\/uploads\/sites\/3\/2021\/11\/TW_Sonderlogo.svg","width":234,"height":74,"caption":"TimeWaver International"},"image":{"@id":"https:\/\/timewaver.com\/international\/es\/#\/schema\/logo\/image\/"}}]}},"jetpack_sharing_enabled":true,"_links":{"self":[{"href":"https:\/\/timewaver.com\/international\/es\/wp-json\/wp\/v2\/pages\/39740","targetHints":{"allow":["GET"]}}],"collection":[{"href":"https:\/\/timewaver.com\/international\/es\/wp-json\/wp\/v2\/pages"}],"about":[{"href":"https:\/\/timewaver.com\/international\/es\/wp-json\/wp\/v2\/types\/page"}],"author":[{"embeddable":true,"href":"https:\/\/timewaver.com\/international\/es\/wp-json\/wp\/v2\/users\/2"}],"replies":[{"embeddable":true,"href":"https:\/\/timewaver.com\/international\/es\/wp-json\/wp\/v2\/comments?post=39740"}],"version-history":[{"count":8,"href":"https:\/\/timewaver.com\/international\/es\/wp-json\/wp\/v2\/pages\/39740\/revisions"}],"predecessor-version":[{"id":73751,"href":"https:\/\/timewaver.com\/international\/es\/wp-json\/wp\/v2\/pages\/39740\/revisions\/73751"}],"wp:attachment":[{"href":"https:\/\/timewaver.com\/international\/es\/wp-json\/wp\/v2\/media?parent=39740"}],"curies":[{"name":"wp","href":"https:\/\/api.w.org\/{rel}","templated":true}]}}