{"id":39736,"date":"2023-09-04T12:15:05","date_gmt":"2023-09-04T10:15:05","guid":{"rendered":"https:\/\/timewaver.com\/international\/appointment-with-timewaver\/"},"modified":"2026-03-24T08:33:40","modified_gmt":"2026-03-24T07:33:40","slug":"appointment-with-timewaver","status":"publish","type":"page","link":"https:\/\/timewaver.com\/international\/pl\/appointment-with-timewaver\/","title":{"rendered":"Appointment with TimeWaver"},"content":{"rendered":"\t\t<div data-elementor-type=\"wp-page\" data-elementor-id=\"39736\" class=\"elementor elementor-39736 elementor-38625\" data-elementor-post-type=\"page\">\n\t\t\t\t\t\t<section class=\"elementor-section elementor-top-section elementor-element elementor-element-6b629d82 elementor-section-boxed elementor-section-height-default elementor-section-height-default\" data-id=\"6b629d82\" data-element_type=\"section\" data-e-type=\"section\" id=\"kalender\" data-settings=\"{&quot;background_background&quot;:&quot;classic&quot;}\">\n\t\t\t\t\t\t<div class=\"elementor-container elementor-column-gap-default\">\n\t\t\t\t\t<div class=\"elementor-column elementor-col-100 elementor-top-column elementor-element elementor-element-226ab9ca\" data-id=\"226ab9ca\" data-element_type=\"column\" data-e-type=\"column\" data-settings=\"{&quot;background_background&quot;:&quot;classic&quot;}\">\n\t\t\t<div class=\"elementor-widget-wrap elementor-element-populated\">\n\t\t\t\t\t\t<div class=\"elementor-element elementor-element-4411d98f elementor-widget elementor-widget-text-editor\" data-id=\"4411d98f\" data-element_type=\"widget\" data-e-type=\"widget\" data-widget_type=\"text-editor.default\">\n\t\t\t\t<div class=\"elementor-widget-container\">\n\t\t\t\t\t\t\t\t\t<h1>Czy chc\u0105 Pa\u0144stwo dowiedzie\u0107 si\u0119 wi\u0119cej o TimeWaver?<\/h1>\n<h4>Zapraszamy do um\u00f3wienia si\u0119 na bezp\u0142atne spotkanie online z jednym z naszych przedstawicieli klienta:<\/h4>\n\t\t\t\t\t\t\t\t<\/div>\n\t\t\t\t<\/div>\n\t\t\t\t<div class=\"elementor-element elementor-element-797d04fd elementor-hidden-desktop elementor-hidden-tablet elementor-hidden-mobile elementor-widget elementor-widget-text-editor\" data-id=\"797d04fd\" data-element_type=\"widget\" data-e-type=\"widget\" data-widget_type=\"text-editor.default\">\n\t\t\t\t<div class=\"elementor-widget-container\">\n\t\t\t\t\t\t\t\t\t<p>Poznaj spektrum technologii TimeWaver na \u017cywo i odkryj g\u0142\u0119boki wgl\u0105d, jaki mo\u017ce zaoferowa\u0107 analiza w Polu Informacyjnym.<\/p>\n\t\t\t\t\t\t\t\t<\/div>\n\t\t\t\t<\/div>\n\t\t\t\t<div class=\"elementor-element elementor-element-29640e23 elementor-widget elementor-widget-html\" data-id=\"29640e23\" data-element_type=\"widget\" data-e-type=\"widget\" data-widget_type=\"html.default\">\n\t\t\t\t<div class=\"elementor-widget-container\">\n\t\t\t\t\t<div id=\"kalender1\">\r\n<div id=\"calendly-inline-widget\" class=\"calendly-inline-widget \" \n                    data-url=\"https:\/\/calendly.com\/slawekptaszkiewicz\/30min?hide_gdpr_banner=1\" data-redirection=\"\" \n                    style=\"height:700px; min-width:600px\"><\/div>\r\n<\/div>\t\t\t\t<\/div>\n\t\t\t\t<\/div>\n\t\t\t\t<div class=\"elementor-element elementor-element-6e438c19 uael-aspect-ratio-16_9 elementor-widget elementor-widget-uael-video\" data-id=\"6e438c19\" data-element_type=\"widget\" data-e-type=\"widget\" data-widget_type=\"uael-video.default\">\n\t\t\t\t<div class=\"elementor-widget-container\">\n\t\t\t\t\t\t\t\t\t<div class=\"uael-video__outer-wrap  uael-video-type-vimeo\" data-device=\"false\" data-vsticky=\"no\" data-hidedesktop=\"\" data-hidetablet=\"\" data-hidemobile=\"\" data-vsticky-viewport=\"0\" data-autoplay=\"1\">\n\t\t\t\t\t\t<div class=\"uael-video-inner-wrap\">\n\t\t\t\t<div class=\"uael-video__play\" data-src=\"https:\/\/player.vimeo.com\/video\/1075636947?autoplay=1&amp;loop=0&amp;title=0&amp;portrait=0&amp;byline=0&amp;muted=1&amp;color&amp;autopause=0&amp;autoplay=1#t=\">\n\t\t\t\t\t<img decoding=\"async\" class=\"uael-video__thumb\" src=\"\" alt=\"\"><\/img>\n\t\t\t\t\t<div class=\"uael-video__play-icon uael-animation-\">\n\t\t\t\t\t\t<i aria-hidden=\"true\" class=\"fa fa-play-circle\"><\/i>\t\t\t\t\t<\/div>\n\t\t\t\t<\/div>\n\t\t\t\t\t\t\t\t\t\t\t<\/div>\n\t\t<\/div>\n\t\t\t\t\t\t\t<\/div>\n\t\t\t\t<\/div>\n\t\t\t\t<div class=\"elementor-element elementor-element-183e28a uael-aspect-ratio-16_9 elementor-widget elementor-widget-uael-video\" data-id=\"183e28a\" data-element_type=\"widget\" data-e-type=\"widget\" data-widget_type=\"uael-video.default\">\n\t\t\t\t<div class=\"elementor-widget-container\">\n\t\t\t\t\t\t\t\t\t<div class=\"uael-video__outer-wrap  uael-video-type-vimeo\" data-device=\"false\" data-vsticky=\"no\" data-hidedesktop=\"\" data-hidetablet=\"\" data-hidemobile=\"\" data-vsticky-viewport=\"0\" data-autoplay=\"1\">\n\t\t\t\t\t\t<div class=\"uael-video-inner-wrap\">\n\t\t\t\t<div class=\"uael-video__play\" data-src=\"https:\/\/player.vimeo.com\/video\/1075637348?autoplay=1&amp;loop=0&amp;title=0&amp;portrait=0&amp;byline=0&amp;muted=1&amp;color&amp;autopause=0&amp;autoplay=1#t=\">\n\t\t\t\t\t<img decoding=\"async\" class=\"uael-video__thumb\" src=\"\" alt=\"\"><\/img>\n\t\t\t\t\t<div class=\"uael-video__play-icon uael-animation-\">\n\t\t\t\t\t\t<i aria-hidden=\"true\" class=\"fa fa-play-circle\"><\/i>\t\t\t\t\t<\/div>\n\t\t\t\t<\/div>\n\t\t\t\t\t\t\t\t\t\t\t<\/div>\n\t\t<\/div>\n\t\t\t\t\t\t\t<\/div>\n\t\t\t\t<\/div>\n\t\t\t\t<div class=\"elementor-element elementor-element-96c4b5 elementor-widget elementor-widget-text-editor\" data-id=\"96c4b5\" data-element_type=\"widget\" data-e-type=\"widget\" data-widget_type=\"text-editor.default\">\n\t\t\t\t<div class=\"elementor-widget-container\">\n\t\t\t\t\t\t\t\t\t<p><strong>Uwaga: <\/strong>Technologia Pola Informacyjnego jest zastrze\u017con\u0105 technologi\u0105 firmy TimeWaver. Opiera si\u0119 ona na teorii, \u017ce Pole Informacyjne jest niematerialn\u0105 sfer\u0105, poprzez kt\u00f3r\u0105 komunikuj\u0105 si\u0119 duch i materia. Odzwierciedla ono to, co uwa\u017camy za duchowe znaczenie wydarze\u0144 \u017cyciowych. Istnienie takiego pola jest omawiane w literaturze naukowej.\n<\/p>\n<p>\nAnaliza w Polu Informacyjnym ma na celu poszukiwanie wzorc\u00f3w informacyjnych, kt\u00f3re przyczyniaj\u0105 si\u0119 do harmonizacji Pola Informacyjnego. W tym celu tre\u015bci takie jak zdania opisowe u\u0142o\u017cone w listy otrzymuj\u0105 priorytet poprzez ocen\u0119 danych fizycznego generatora szumu. Z do\u015bwiadczenia naszych u\u017cytkownik\u00f3w wynika, \u017ce priorytet ten odzwierciedla istotno\u015b\u0107 dla u\u017cytkownika. Analiza w Polu Informacyjnym odzwierciedla kombinacj\u0119 czynnik\u00f3w w momencie dokonywania analizy, \u0142\u0105cznie z intencj\u0105 u\u017cytkownika. Przeprowadzenie analizy w innym momencie mo\u017ce mie\u0107 odmienny wynik ze wzgl\u0119du na zmiany w zmiennych \u015brodowiskowych.\n<\/p>\n<p>\nPrzeprowadzili\u015bmy nieza\u015blepione badania \u201cprzed\/po\u201d w kontrolowanych i randomizowanych grupach uczestnik\u00f3w. Badania te sugeruj\u0105, \u017ce samopoczucie uczestnik\u00f3w by\u0142o wy\u017csze po zastosowaniu. Przypisujemy to harmonizacji Pola Informacyjnego, kt\u00f3re okre\u015blamy jako jednolite pole t\u0142a wymiaru materialnego i mentalnego. Nie zosta\u0142o to jednak potwierdzone przez niezale\u017cne badania.<\/p>\n\t\t\t\t\t\t\t\t<\/div>\n\t\t\t\t<\/div>\n\t\t\t\t\t<\/div>\n\t\t<\/div>\n\t\t\t\t\t<\/div>\n\t\t<\/section>\n\t\t\t\t<\/div>\n\t\t","protected":false},"excerpt":{"rendered":"<p>Czy chc\u0105 Pa\u0144stwo dowiedzie\u0107 si\u0119 wi\u0119cej o TimeWaver? Zapraszamy do um\u00f3wienia si\u0119 na bezp\u0142atne spotkanie online z jednym z naszych przedstawicieli klienta: Poznaj spektrum technologii TimeWaver na \u017cywo i odkryj [&hellip;]<\/p>\n","protected":false},"author":2,"featured_media":0,"parent":0,"menu_order":0,"comment_status":"closed","ping_status":"closed","template":"elementor_header_footer","meta":{"_acf_changed":false,"site-sidebar-layout":"no-sidebar","site-content-layout":"page-builder","ast-site-content-layout":"full-width-container","site-content-style":"unboxed","site-sidebar-style":"unboxed","ast-global-header-display":"","ast-banner-title-visibility":"","ast-main-header-display":"","ast-hfb-above-header-display":"","ast-hfb-below-header-display":"","ast-hfb-mobile-header-display":"","site-post-title":"disabled","ast-breadcrumbs-content":"","ast-featured-img":"disabled","footer-sml-layout":"","ast-disable-related-posts":"","theme-transparent-header-meta":"","adv-header-id-meta":"","stick-header-meta":"","header-above-stick-meta":"","header-main-stick-meta":"","header-below-stick-meta":"","astra-migrate-meta-layouts":"default","ast-page-background-enabled":"default","ast-page-background-meta":{"desktop":{"background-color":"var(--ast-global-color-4)","background-image":"","background-repeat":"repeat","background-position":"center center","background-size":"auto","background-attachment":"scroll","background-type":"","background-media":"","overlay-type":"","overlay-color":"","overlay-opacity":"","overlay-gradient":""},"tablet":{"background-color":"","background-image":"","background-repeat":"repeat","background-position":"center center","background-size":"auto","background-attachment":"scroll","background-type":"","background-media":"","overlay-type":"","overlay-color":"","overlay-opacity":"","overlay-gradient":""},"mobile":{"background-color":"","background-image":"","background-repeat":"repeat","background-position":"center center","background-size":"auto","background-attachment":"scroll","background-type":"","background-media":"","overlay-type":"","overlay-color":"","overlay-opacity":"","overlay-gradient":""}},"ast-content-background-meta":{"desktop":{"background-color":"var(--ast-global-color-5)","background-image":"","background-repeat":"repeat","background-position":"center center","background-size":"auto","background-attachment":"scroll","background-type":"","background-media":"","overlay-type":"","overlay-color":"","overlay-opacity":"","overlay-gradient":""},"tablet":{"background-color":"var(--ast-global-color-5)","background-image":"","background-repeat":"repeat","background-position":"center center","background-size":"auto","background-attachment":"scroll","background-type":"","background-media":"","overlay-type":"","overlay-color":"","overlay-opacity":"","overlay-gradient":""},"mobile":{"background-color":"var(--ast-global-color-5)","background-image":"","background-repeat":"repeat","background-position":"center center","background-size":"auto","background-attachment":"scroll","background-type":"","background-media":"","overlay-type":"","overlay-color":"","overlay-opacity":"","overlay-gradient":""}},"footnotes":""},"class_list":["post-39736","page","type-page","status-publish","hentry"],"acf":[],"yoast_head":"<!-- This site is optimized with the Yoast SEO plugin v27.4 - https:\/\/yoast.com\/product\/yoast-seo-wordpress\/ -->\n<title>Appointment with TimeWaver - TimeWaver International<\/title>\n<meta name=\"description\" content=\"Um\u00f3w si\u0119 na bezp\u0142atne spotkanie online z TimeWaver: zobacz na \u017cywo technologi\u0119 Pola Informacji i odkryj, jak mo\u017ce wspiera\u0107 Twoje \u017cycie i praktyk\u0119.\" \/>\n<meta name=\"robots\" content=\"index, follow, max-snippet:-1, max-image-preview:large, max-video-preview:-1\" \/>\n<link rel=\"canonical\" href=\"https:\/\/timewaver.com\/international\/pl\/appointment-with-timewaver\/\" \/>\n<meta property=\"og:locale\" content=\"pl_PL\" \/>\n<meta property=\"og:type\" content=\"article\" \/>\n<meta property=\"og:title\" content=\"Appointment with TimeWaver - TimeWaver International\" \/>\n<meta property=\"og:description\" content=\"Um\u00f3w si\u0119 na bezp\u0142atne spotkanie online z TimeWaver: zobacz na \u017cywo technologi\u0119 Pola Informacji i odkryj, jak mo\u017ce wspiera\u0107 Twoje \u017cycie i praktyk\u0119.\" \/>\n<meta property=\"og:url\" content=\"https:\/\/timewaver.com\/international\/pl\/appointment-with-timewaver\/\" \/>\n<meta property=\"og:site_name\" content=\"TimeWaver International\" \/>\n<meta property=\"article:modified_time\" content=\"2026-03-24T07:33:40+00:00\" \/>\n<meta name=\"twitter:card\" content=\"summary_large_image\" \/>\n<meta name=\"twitter:label1\" content=\"Szacowany czas czytania\" \/>\n\t<meta name=\"twitter:data1\" content=\"1 minuta\" \/>\n<script type=\"application\/ld+json\" class=\"yoast-schema-graph\">{\"@context\":\"https:\\\/\\\/schema.org\",\"@graph\":[{\"@type\":\"WebPage\",\"@id\":\"https:\\\/\\\/timewaver.com\\\/international\\\/pl\\\/appointment-with-timewaver\\\/\",\"url\":\"https:\\\/\\\/timewaver.com\\\/international\\\/pl\\\/appointment-with-timewaver\\\/\",\"name\":\"Appointment with TimeWaver - TimeWaver International\",\"isPartOf\":{\"@id\":\"https:\\\/\\\/timewaver.com\\\/international\\\/pl\\\/#website\"},\"datePublished\":\"2023-09-04T10:15:05+00:00\",\"dateModified\":\"2026-03-24T07:33:40+00:00\",\"description\":\"Um\u00f3w si\u0119 na bezp\u0142atne spotkanie online z TimeWaver: zobacz na \u017cywo technologi\u0119 Pola Informacji i odkryj, jak mo\u017ce wspiera\u0107 Twoje \u017cycie i praktyk\u0119.\",\"breadcrumb\":{\"@id\":\"https:\\\/\\\/timewaver.com\\\/international\\\/pl\\\/appointment-with-timewaver\\\/#breadcrumb\"},\"inLanguage\":\"pl-PL\",\"potentialAction\":[{\"@type\":\"ReadAction\",\"target\":[\"https:\\\/\\\/timewaver.com\\\/international\\\/pl\\\/appointment-with-timewaver\\\/\"]}]},{\"@type\":\"BreadcrumbList\",\"@id\":\"https:\\\/\\\/timewaver.com\\\/international\\\/pl\\\/appointment-with-timewaver\\\/#breadcrumb\",\"itemListElement\":[{\"@type\":\"ListItem\",\"position\":1,\"name\":\"Home\",\"item\":\"https:\\\/\\\/timewaver.com\\\/international\\\/pl\\\/\"},{\"@type\":\"ListItem\",\"position\":2,\"name\":\"Appointment with TimeWaver\"}]},{\"@type\":\"WebSite\",\"@id\":\"https:\\\/\\\/timewaver.com\\\/international\\\/pl\\\/#website\",\"url\":\"https:\\\/\\\/timewaver.com\\\/international\\\/pl\\\/\",\"name\":\"TimeWaver International\",\"description\":\"\",\"publisher\":{\"@id\":\"https:\\\/\\\/timewaver.com\\\/international\\\/pl\\\/#organization\"},\"potentialAction\":[{\"@type\":\"SearchAction\",\"target\":{\"@type\":\"EntryPoint\",\"urlTemplate\":\"https:\\\/\\\/timewaver.com\\\/international\\\/pl\\\/?s={search_term_string}\"},\"query-input\":{\"@type\":\"PropertyValueSpecification\",\"valueRequired\":true,\"valueName\":\"search_term_string\"}}],\"inLanguage\":\"pl-PL\"},{\"@type\":\"Organization\",\"@id\":\"https:\\\/\\\/timewaver.com\\\/international\\\/pl\\\/#organization\",\"name\":\"TimeWaver International\",\"url\":\"https:\\\/\\\/timewaver.com\\\/international\\\/pl\\\/\",\"logo\":{\"@type\":\"ImageObject\",\"inLanguage\":\"pl-PL\",\"@id\":\"https:\\\/\\\/timewaver.com\\\/international\\\/pl\\\/#\\\/schema\\\/logo\\\/image\\\/\",\"url\":\"https:\\\/\\\/timewaver.com\\\/international\\\/wp-content\\\/uploads\\\/sites\\\/3\\\/2021\\\/11\\\/TW_Sonderlogo.svg\",\"contentUrl\":\"https:\\\/\\\/timewaver.com\\\/international\\\/wp-content\\\/uploads\\\/sites\\\/3\\\/2021\\\/11\\\/TW_Sonderlogo.svg\",\"width\":234,\"height\":74,\"caption\":\"TimeWaver International\"},\"image\":{\"@id\":\"https:\\\/\\\/timewaver.com\\\/international\\\/pl\\\/#\\\/schema\\\/logo\\\/image\\\/\"}}]}<\/script>\n<!-- \/ Yoast SEO plugin. -->","yoast_head_json":{"title":"Appointment with TimeWaver - TimeWaver International","description":"Um\u00f3w si\u0119 na bezp\u0142atne spotkanie online z TimeWaver: zobacz na \u017cywo technologi\u0119 Pola Informacji i odkryj, jak mo\u017ce wspiera\u0107 Twoje \u017cycie i praktyk\u0119.","robots":{"index":"index","follow":"follow","max-snippet":"max-snippet:-1","max-image-preview":"max-image-preview:large","max-video-preview":"max-video-preview:-1"},"canonical":"https:\/\/timewaver.com\/international\/pl\/appointment-with-timewaver\/","og_locale":"pl_PL","og_type":"article","og_title":"Appointment with TimeWaver - TimeWaver International","og_description":"Um\u00f3w si\u0119 na bezp\u0142atne spotkanie online z TimeWaver: zobacz na \u017cywo technologi\u0119 Pola Informacji i odkryj, jak mo\u017ce wspiera\u0107 Twoje \u017cycie i praktyk\u0119.","og_url":"https:\/\/timewaver.com\/international\/pl\/appointment-with-timewaver\/","og_site_name":"TimeWaver International","article_modified_time":"2026-03-24T07:33:40+00:00","twitter_card":"summary_large_image","twitter_misc":{"Szacowany czas czytania":"1 minuta"},"schema":{"@context":"https:\/\/schema.org","@graph":[{"@type":"WebPage","@id":"https:\/\/timewaver.com\/international\/pl\/appointment-with-timewaver\/","url":"https:\/\/timewaver.com\/international\/pl\/appointment-with-timewaver\/","name":"Appointment with TimeWaver - TimeWaver International","isPartOf":{"@id":"https:\/\/timewaver.com\/international\/pl\/#website"},"datePublished":"2023-09-04T10:15:05+00:00","dateModified":"2026-03-24T07:33:40+00:00","description":"Um\u00f3w si\u0119 na bezp\u0142atne spotkanie online z TimeWaver: zobacz na \u017cywo technologi\u0119 Pola Informacji i odkryj, jak mo\u017ce wspiera\u0107 Twoje \u017cycie i praktyk\u0119.","breadcrumb":{"@id":"https:\/\/timewaver.com\/international\/pl\/appointment-with-timewaver\/#breadcrumb"},"inLanguage":"pl-PL","potentialAction":[{"@type":"ReadAction","target":["https:\/\/timewaver.com\/international\/pl\/appointment-with-timewaver\/"]}]},{"@type":"BreadcrumbList","@id":"https:\/\/timewaver.com\/international\/pl\/appointment-with-timewaver\/#breadcrumb","itemListElement":[{"@type":"ListItem","position":1,"name":"Home","item":"https:\/\/timewaver.com\/international\/pl\/"},{"@type":"ListItem","position":2,"name":"Appointment with TimeWaver"}]},{"@type":"WebSite","@id":"https:\/\/timewaver.com\/international\/pl\/#website","url":"https:\/\/timewaver.com\/international\/pl\/","name":"TimeWaver International","description":"","publisher":{"@id":"https:\/\/timewaver.com\/international\/pl\/#organization"},"potentialAction":[{"@type":"SearchAction","target":{"@type":"EntryPoint","urlTemplate":"https:\/\/timewaver.com\/international\/pl\/?s={search_term_string}"},"query-input":{"@type":"PropertyValueSpecification","valueRequired":true,"valueName":"search_term_string"}}],"inLanguage":"pl-PL"},{"@type":"Organization","@id":"https:\/\/timewaver.com\/international\/pl\/#organization","name":"TimeWaver International","url":"https:\/\/timewaver.com\/international\/pl\/","logo":{"@type":"ImageObject","inLanguage":"pl-PL","@id":"https:\/\/timewaver.com\/international\/pl\/#\/schema\/logo\/image\/","url":"https:\/\/timewaver.com\/international\/wp-content\/uploads\/sites\/3\/2021\/11\/TW_Sonderlogo.svg","contentUrl":"https:\/\/timewaver.com\/international\/wp-content\/uploads\/sites\/3\/2021\/11\/TW_Sonderlogo.svg","width":234,"height":74,"caption":"TimeWaver International"},"image":{"@id":"https:\/\/timewaver.com\/international\/pl\/#\/schema\/logo\/image\/"}}]}},"jetpack_sharing_enabled":true,"_links":{"self":[{"href":"https:\/\/timewaver.com\/international\/pl\/wp-json\/wp\/v2\/pages\/39736","targetHints":{"allow":["GET"]}}],"collection":[{"href":"https:\/\/timewaver.com\/international\/pl\/wp-json\/wp\/v2\/pages"}],"about":[{"href":"https:\/\/timewaver.com\/international\/pl\/wp-json\/wp\/v2\/types\/page"}],"author":[{"embeddable":true,"href":"https:\/\/timewaver.com\/international\/pl\/wp-json\/wp\/v2\/users\/2"}],"replies":[{"embeddable":true,"href":"https:\/\/timewaver.com\/international\/pl\/wp-json\/wp\/v2\/comments?post=39736"}],"version-history":[{"count":6,"href":"https:\/\/timewaver.com\/international\/pl\/wp-json\/wp\/v2\/pages\/39736\/revisions"}],"predecessor-version":[{"id":73749,"href":"https:\/\/timewaver.com\/international\/pl\/wp-json\/wp\/v2\/pages\/39736\/revisions\/73749"}],"wp:attachment":[{"href":"https:\/\/timewaver.com\/international\/pl\/wp-json\/wp\/v2\/media?parent=39736"}],"curies":[{"name":"wp","href":"https:\/\/api.w.org\/{rel}","templated":true}]}}