{"id":39738,"date":"2023-09-04T12:15:05","date_gmt":"2023-09-04T10:15:05","guid":{"rendered":"https:\/\/timewaver.com\/international\/appointment-with-timewaver\/"},"modified":"2026-03-24T08:33:52","modified_gmt":"2026-03-24T07:33:52","slug":"appointment-with-timewaver","status":"publish","type":"page","link":"https:\/\/timewaver.com\/international\/sk\/appointment-with-timewaver\/","title":{"rendered":"Appointment with TimeWaver"},"content":{"rendered":"\t\t<div data-elementor-type=\"wp-page\" data-elementor-id=\"39738\" class=\"elementor elementor-39738 elementor-38625\" data-elementor-post-type=\"page\">\n\t\t\t\t\t\t<section class=\"elementor-section elementor-top-section elementor-element elementor-element-6b629d82 elementor-section-boxed elementor-section-height-default elementor-section-height-default\" data-id=\"6b629d82\" data-element_type=\"section\" data-e-type=\"section\" id=\"kalender\" data-settings=\"{&quot;background_background&quot;:&quot;classic&quot;}\">\n\t\t\t\t\t\t<div class=\"elementor-container elementor-column-gap-default\">\n\t\t\t\t\t<div class=\"elementor-column elementor-col-100 elementor-top-column elementor-element elementor-element-226ab9ca\" data-id=\"226ab9ca\" data-element_type=\"column\" data-e-type=\"column\" data-settings=\"{&quot;background_background&quot;:&quot;classic&quot;}\">\n\t\t\t<div class=\"elementor-widget-wrap elementor-element-populated\">\n\t\t\t\t\t\t<div class=\"elementor-element elementor-element-4411d98f elementor-widget elementor-widget-text-editor\" data-id=\"4411d98f\" data-element_type=\"widget\" data-e-type=\"widget\" data-widget_type=\"text-editor.default\">\n\t\t\t\t<div class=\"elementor-widget-container\">\n\t\t\t\t\t\t\t\t\t<h1>Chce\u0161 zisti\u0165 viac o TimeWaver?<\/h1>\n<h4>Dohodni si term\u00edn bezplatn\u00e9ho online stretnutia s niektor\u00fdm z na\u0161ich z\u00e1stupcov pre z\u00e1kazn\u00edkov:<\/h4>\n\t\t\t\t\t\t\t\t<\/div>\n\t\t\t\t<\/div>\n\t\t\t\t<div class=\"elementor-element elementor-element-797d04fd elementor-hidden-desktop elementor-hidden-tablet elementor-hidden-mobile elementor-widget elementor-widget-text-editor\" data-id=\"797d04fd\" data-element_type=\"widget\" data-e-type=\"widget\" data-widget_type=\"text-editor.default\">\n\t\t\t\t<div class=\"elementor-widget-container\">\n\t\t\t\t\t\t\t\t\t<p>Do\u017eivi spekter tehnologije TimeWaver v akciji in odkrij globok vpogled, ki ga lahko zagotovijo analize v informacijskem polju.<\/p>\n\t\t\t\t\t\t\t\t<\/div>\n\t\t\t\t<\/div>\n\t\t\t\t<div class=\"elementor-element elementor-element-29640e23 elementor-widget elementor-widget-html\" data-id=\"29640e23\" data-element_type=\"widget\" data-e-type=\"widget\" data-widget_type=\"html.default\">\n\t\t\t\t<div class=\"elementor-widget-container\">\n\t\t\t\t\t<div id=\"kalender1\">\r\n<div id=\"calendly-inline-widget\" class=\"calendly-inline-widget \" \n                    data-url=\"https:\/\/calendly.com\/timewaver-demo\/timewaver-one-on-onesl?hide_gdpr_banner=1\" data-redirection=\"\" \n                    style=\"height:700px; min-width:600px\"><\/div>\r\n<\/div>\t\t\t\t<\/div>\n\t\t\t\t<\/div>\n\t\t\t\t<div class=\"elementor-element elementor-element-6e438c19 uael-aspect-ratio-16_9 elementor-widget elementor-widget-uael-video\" data-id=\"6e438c19\" data-element_type=\"widget\" data-e-type=\"widget\" data-widget_type=\"uael-video.default\">\n\t\t\t\t<div class=\"elementor-widget-container\">\n\t\t\t\t\t\t\t\t\t<div class=\"uael-video__outer-wrap  uael-video-type-vimeo\" data-device=\"false\" data-vsticky=\"no\" data-hidedesktop=\"\" data-hidetablet=\"\" data-hidemobile=\"\" data-vsticky-viewport=\"0\" data-autoplay=\"1\">\n\t\t\t\t\t\t<div class=\"uael-video-inner-wrap\">\n\t\t\t\t<div class=\"uael-video__play\" data-src=\"https:\/\/player.vimeo.com\/video\/1075636947?autoplay=1&amp;loop=0&amp;title=0&amp;portrait=0&amp;byline=0&amp;muted=1&amp;color&amp;autopause=0&amp;autoplay=1#t=\">\n\t\t\t\t\t<img decoding=\"async\" class=\"uael-video__thumb\" src=\"\" alt=\"\"><\/img>\n\t\t\t\t\t<div class=\"uael-video__play-icon uael-animation-\">\n\t\t\t\t\t\t<i aria-hidden=\"true\" class=\"fa fa-play-circle\"><\/i>\t\t\t\t\t<\/div>\n\t\t\t\t<\/div>\n\t\t\t\t\t\t\t\t\t\t\t<\/div>\n\t\t<\/div>\n\t\t\t\t\t\t\t<\/div>\n\t\t\t\t<\/div>\n\t\t\t\t<div class=\"elementor-element elementor-element-183e28a uael-aspect-ratio-16_9 elementor-widget elementor-widget-uael-video\" data-id=\"183e28a\" data-element_type=\"widget\" data-e-type=\"widget\" data-widget_type=\"uael-video.default\">\n\t\t\t\t<div class=\"elementor-widget-container\">\n\t\t\t\t\t\t\t\t\t<div class=\"uael-video__outer-wrap  uael-video-type-vimeo\" data-device=\"false\" data-vsticky=\"no\" data-hidedesktop=\"\" data-hidetablet=\"\" data-hidemobile=\"\" data-vsticky-viewport=\"0\" data-autoplay=\"1\">\n\t\t\t\t\t\t<div class=\"uael-video-inner-wrap\">\n\t\t\t\t<div class=\"uael-video__play\" data-src=\"https:\/\/player.vimeo.com\/video\/1075637348?autoplay=1&amp;loop=0&amp;title=0&amp;portrait=0&amp;byline=0&amp;muted=1&amp;color&amp;autopause=0&amp;autoplay=1#t=\">\n\t\t\t\t\t<img decoding=\"async\" class=\"uael-video__thumb\" src=\"\" alt=\"\"><\/img>\n\t\t\t\t\t<div class=\"uael-video__play-icon uael-animation-\">\n\t\t\t\t\t\t<i aria-hidden=\"true\" class=\"fa fa-play-circle\"><\/i>\t\t\t\t\t<\/div>\n\t\t\t\t<\/div>\n\t\t\t\t\t\t\t\t\t\t\t<\/div>\n\t\t<\/div>\n\t\t\t\t\t\t\t<\/div>\n\t\t\t\t<\/div>\n\t\t\t\t<div class=\"elementor-element elementor-element-96c4b5 elementor-widget elementor-widget-text-editor\" data-id=\"96c4b5\" data-element_type=\"widget\" data-e-type=\"widget\" data-widget_type=\"text-editor.default\">\n\t\t\t\t<div class=\"elementor-widget-container\">\n\t\t\t\t\t\t\t\t\t<p><strong>Upozornenie: <\/strong>Technol\u00f3gia informa\u010dn\u00e9ho po\u013ea je patentovan\u00e1 technol\u00f3gia od spolo\u010dnosti TimeWaver. Je zalo\u017een\u00e1 na te\u00f3rii, \u017ee informa\u010dn\u00e9 pole je nehmotn\u00e1 oblas\u0165, prostredn\u00edctvom ktorej myse\u013e a hmota komunikuj\u00fa. Odr\u00e1\u017ea to, \u010do pova\u017eujeme za duchovn\u00fd v\u00fdznam \u017eivotn\u00fdch udalost\u00ed. Existencia tak\u00e9hoto po\u013ea je diskutovan\u00e1 vo vedeckej literat\u00fare.<\/p>\n<p>Anal\u00fdza v informa\u010dnom poli sl\u00fa\u017ei na vyh\u013ead\u00e1vanie informa\u010dn\u00fdch vzorov, ktor\u00e9 prispievaj\u00fa k harmoniz\u00e1cii informa\u010dn\u00e9ho po\u013ea. Za t\u00fdmto \u00fa\u010delom je obsahom ako opisn\u00fdm vet\u00e1m, ktor\u00e9 s\u00fa zoraden\u00e9 v zoznamoch, pridelen\u00e1 priorita na z\u00e1klade vyhodnotenia \u00fadajov z fyzik\u00e1lneho gener\u00e1tora \u0161umu. Pod\u013ea sk\u00fasenost\u00ed na\u0161ich u\u017e\u00edvate\u013eov t\u00e1to priorita odr\u00e1\u017ea relevantnos\u0165 pre pou\u017e\u00edvate\u013ea. Anal\u00fdza v informa\u010dnom poli zodpoved\u00e1 kombin\u00e1cii faktorov v \u010dase vykon\u00e1vania anal\u00fdzy, vr\u00e1tane z\u00e1meru pou\u017e\u00edvate\u013ea. Anal\u00fdza v inom \u010dasovom bode m\u00f4\u017ee prinies\u0165 odli\u0161n\u00fd v\u00fdsledok v d\u00f4sledku zmien jednotliv\u00fdch premenn\u00fdch dan\u00e9ho prostredia.<\/p>\n<p>V kontrolovan\u00fdch a randomizovan\u00fdch skupin\u00e1ch \u00fa\u010dastn\u00edkov sme vykonali nezaslepen\u00e9 prieskumy pred a po aplik\u00e1cii. Tieto prieskumy nazna\u010duj\u00fa, \u017ee blaho \u00fa\u010dastn\u00edkov bolo po aplik\u00e1cii vy\u0161\u0161ie. Pripisujeme to harmoniz\u00e1cii informa\u010dn\u00e9ho po\u013ea, ktor\u00e9 definujeme ako jednotn\u00e9 pole pozadia materi\u00e1lnej a ment\u00e1lnej dimenzie. Nez\u00e1visl\u00e9 \u0161t\u00fadie to v\u0161ak zatia\u013e nepotvrdili.<\/p>\n\t\t\t\t\t\t\t\t<\/div>\n\t\t\t\t<\/div>\n\t\t\t\t\t<\/div>\n\t\t<\/div>\n\t\t\t\t\t<\/div>\n\t\t<\/section>\n\t\t\t\t<\/div>\n\t\t","protected":false},"excerpt":{"rendered":"<p>Chce\u0161 zisti\u0165 viac o TimeWaver? Dohodni si term\u00edn bezplatn\u00e9ho online stretnutia s niektor\u00fdm z na\u0161ich z\u00e1stupcov pre z\u00e1kazn\u00edkov: Do\u017eivi spekter tehnologije TimeWaver v akciji in odkrij globok vpogled, ki ga [&hellip;]<\/p>\n","protected":false},"author":2,"featured_media":0,"parent":0,"menu_order":0,"comment_status":"closed","ping_status":"closed","template":"elementor_header_footer","meta":{"_acf_changed":false,"site-sidebar-layout":"no-sidebar","site-content-layout":"page-builder","ast-site-content-layout":"full-width-container","site-content-style":"unboxed","site-sidebar-style":"unboxed","ast-global-header-display":"","ast-banner-title-visibility":"","ast-main-header-display":"","ast-hfb-above-header-display":"","ast-hfb-below-header-display":"","ast-hfb-mobile-header-display":"","site-post-title":"disabled","ast-breadcrumbs-content":"","ast-featured-img":"disabled","footer-sml-layout":"","ast-disable-related-posts":"","theme-transparent-header-meta":"","adv-header-id-meta":"","stick-header-meta":"","header-above-stick-meta":"","header-main-stick-meta":"","header-below-stick-meta":"","astra-migrate-meta-layouts":"default","ast-page-background-enabled":"default","ast-page-background-meta":{"desktop":{"background-color":"var(--ast-global-color-4)","background-image":"","background-repeat":"repeat","background-position":"center center","background-size":"auto","background-attachment":"scroll","background-type":"","background-media":"","overlay-type":"","overlay-color":"","overlay-opacity":"","overlay-gradient":""},"tablet":{"background-color":"","background-image":"","background-repeat":"repeat","background-position":"center center","background-size":"auto","background-attachment":"scroll","background-type":"","background-media":"","overlay-type":"","overlay-color":"","overlay-opacity":"","overlay-gradient":""},"mobile":{"background-color":"","background-image":"","background-repeat":"repeat","background-position":"center center","background-size":"auto","background-attachment":"scroll","background-type":"","background-media":"","overlay-type":"","overlay-color":"","overlay-opacity":"","overlay-gradient":""}},"ast-content-background-meta":{"desktop":{"background-color":"var(--ast-global-color-5)","background-image":"","background-repeat":"repeat","background-position":"center center","background-size":"auto","background-attachment":"scroll","background-type":"","background-media":"","overlay-type":"","overlay-color":"","overlay-opacity":"","overlay-gradient":""},"tablet":{"background-color":"var(--ast-global-color-5)","background-image":"","background-repeat":"repeat","background-position":"center center","background-size":"auto","background-attachment":"scroll","background-type":"","background-media":"","overlay-type":"","overlay-color":"","overlay-opacity":"","overlay-gradient":""},"mobile":{"background-color":"var(--ast-global-color-5)","background-image":"","background-repeat":"repeat","background-position":"center center","background-size":"auto","background-attachment":"scroll","background-type":"","background-media":"","overlay-type":"","overlay-color":"","overlay-opacity":"","overlay-gradient":""}},"footnotes":""},"class_list":["post-39738","page","type-page","status-publish","hentry"],"acf":[],"yoast_head":"<!-- This site is optimized with the Yoast SEO plugin v27.4 - https:\/\/yoast.com\/product\/yoast-seo-wordpress\/ -->\n<title>Appointment with TimeWaver - TimeWaver International<\/title>\n<meta name=\"description\" content=\"Zarezervujte si bezplatn\u00e9 online stretnutie s TimeWaver: za\u017eite uk\u00e1\u017eky technol\u00f3gie Informa\u010dn\u00e9ho po\u013ea a objavte nov\u00e9 mo\u017enosti pre v\u00e1\u0161 \u017eivot a prax.\" \/>\n<meta name=\"robots\" content=\"index, follow, max-snippet:-1, max-image-preview:large, max-video-preview:-1\" \/>\n<link rel=\"canonical\" href=\"https:\/\/timewaver.com\/international\/sk\/appointment-with-timewaver\/\" \/>\n<meta property=\"og:locale\" content=\"sk_SK\" \/>\n<meta property=\"og:type\" content=\"article\" \/>\n<meta property=\"og:title\" content=\"Appointment with TimeWaver - TimeWaver International\" \/>\n<meta property=\"og:description\" content=\"Zarezervujte si bezplatn\u00e9 online stretnutie s TimeWaver: za\u017eite uk\u00e1\u017eky technol\u00f3gie Informa\u010dn\u00e9ho po\u013ea a objavte nov\u00e9 mo\u017enosti pre v\u00e1\u0161 \u017eivot a prax.\" \/>\n<meta property=\"og:url\" content=\"https:\/\/timewaver.com\/international\/sk\/appointment-with-timewaver\/\" \/>\n<meta property=\"og:site_name\" content=\"TimeWaver International\" \/>\n<meta property=\"article:modified_time\" content=\"2026-03-24T07:33:52+00:00\" \/>\n<meta name=\"twitter:card\" content=\"summary_large_image\" \/>\n<meta name=\"twitter:label1\" content=\"Predpokladan\u00fd \u010das \u010d\u00edtania\" \/>\n\t<meta name=\"twitter:data1\" content=\"2 min\u00faty\" \/>\n<script type=\"application\/ld+json\" class=\"yoast-schema-graph\">{\"@context\":\"https:\\\/\\\/schema.org\",\"@graph\":[{\"@type\":\"WebPage\",\"@id\":\"https:\\\/\\\/timewaver.com\\\/international\\\/sk\\\/appointment-with-timewaver\\\/\",\"url\":\"https:\\\/\\\/timewaver.com\\\/international\\\/sk\\\/appointment-with-timewaver\\\/\",\"name\":\"Appointment with TimeWaver - TimeWaver International\",\"isPartOf\":{\"@id\":\"https:\\\/\\\/timewaver.com\\\/international\\\/sk\\\/#website\"},\"datePublished\":\"2023-09-04T10:15:05+00:00\",\"dateModified\":\"2026-03-24T07:33:52+00:00\",\"description\":\"Zarezervujte si bezplatn\u00e9 online stretnutie s TimeWaver: za\u017eite uk\u00e1\u017eky technol\u00f3gie Informa\u010dn\u00e9ho po\u013ea a objavte nov\u00e9 mo\u017enosti pre v\u00e1\u0161 \u017eivot a prax.\",\"breadcrumb\":{\"@id\":\"https:\\\/\\\/timewaver.com\\\/international\\\/sk\\\/appointment-with-timewaver\\\/#breadcrumb\"},\"inLanguage\":\"sk-SK\",\"potentialAction\":[{\"@type\":\"ReadAction\",\"target\":[\"https:\\\/\\\/timewaver.com\\\/international\\\/sk\\\/appointment-with-timewaver\\\/\"]}]},{\"@type\":\"BreadcrumbList\",\"@id\":\"https:\\\/\\\/timewaver.com\\\/international\\\/sk\\\/appointment-with-timewaver\\\/#breadcrumb\",\"itemListElement\":[{\"@type\":\"ListItem\",\"position\":1,\"name\":\"Home\",\"item\":\"https:\\\/\\\/timewaver.com\\\/international\\\/sk\\\/\"},{\"@type\":\"ListItem\",\"position\":2,\"name\":\"Appointment with TimeWaver\"}]},{\"@type\":\"WebSite\",\"@id\":\"https:\\\/\\\/timewaver.com\\\/international\\\/sk\\\/#website\",\"url\":\"https:\\\/\\\/timewaver.com\\\/international\\\/sk\\\/\",\"name\":\"TimeWaver International\",\"description\":\"\",\"publisher\":{\"@id\":\"https:\\\/\\\/timewaver.com\\\/international\\\/sk\\\/#organization\"},\"potentialAction\":[{\"@type\":\"SearchAction\",\"target\":{\"@type\":\"EntryPoint\",\"urlTemplate\":\"https:\\\/\\\/timewaver.com\\\/international\\\/sk\\\/?s={search_term_string}\"},\"query-input\":{\"@type\":\"PropertyValueSpecification\",\"valueRequired\":true,\"valueName\":\"search_term_string\"}}],\"inLanguage\":\"sk-SK\"},{\"@type\":\"Organization\",\"@id\":\"https:\\\/\\\/timewaver.com\\\/international\\\/sk\\\/#organization\",\"name\":\"TimeWaver International\",\"url\":\"https:\\\/\\\/timewaver.com\\\/international\\\/sk\\\/\",\"logo\":{\"@type\":\"ImageObject\",\"inLanguage\":\"sk-SK\",\"@id\":\"https:\\\/\\\/timewaver.com\\\/international\\\/sk\\\/#\\\/schema\\\/logo\\\/image\\\/\",\"url\":\"https:\\\/\\\/timewaver.com\\\/international\\\/wp-content\\\/uploads\\\/sites\\\/3\\\/2021\\\/11\\\/TW_Sonderlogo.svg\",\"contentUrl\":\"https:\\\/\\\/timewaver.com\\\/international\\\/wp-content\\\/uploads\\\/sites\\\/3\\\/2021\\\/11\\\/TW_Sonderlogo.svg\",\"width\":234,\"height\":74,\"caption\":\"TimeWaver International\"},\"image\":{\"@id\":\"https:\\\/\\\/timewaver.com\\\/international\\\/sk\\\/#\\\/schema\\\/logo\\\/image\\\/\"}}]}<\/script>\n<!-- \/ Yoast SEO plugin. -->","yoast_head_json":{"title":"Appointment with TimeWaver - TimeWaver International","description":"Zarezervujte si bezplatn\u00e9 online stretnutie s TimeWaver: za\u017eite uk\u00e1\u017eky technol\u00f3gie Informa\u010dn\u00e9ho po\u013ea a objavte nov\u00e9 mo\u017enosti pre v\u00e1\u0161 \u017eivot a prax.","robots":{"index":"index","follow":"follow","max-snippet":"max-snippet:-1","max-image-preview":"max-image-preview:large","max-video-preview":"max-video-preview:-1"},"canonical":"https:\/\/timewaver.com\/international\/sk\/appointment-with-timewaver\/","og_locale":"sk_SK","og_type":"article","og_title":"Appointment with TimeWaver - TimeWaver International","og_description":"Zarezervujte si bezplatn\u00e9 online stretnutie s TimeWaver: za\u017eite uk\u00e1\u017eky technol\u00f3gie Informa\u010dn\u00e9ho po\u013ea a objavte nov\u00e9 mo\u017enosti pre v\u00e1\u0161 \u017eivot a prax.","og_url":"https:\/\/timewaver.com\/international\/sk\/appointment-with-timewaver\/","og_site_name":"TimeWaver International","article_modified_time":"2026-03-24T07:33:52+00:00","twitter_card":"summary_large_image","twitter_misc":{"Predpokladan\u00fd \u010das \u010d\u00edtania":"2 min\u00faty"},"schema":{"@context":"https:\/\/schema.org","@graph":[{"@type":"WebPage","@id":"https:\/\/timewaver.com\/international\/sk\/appointment-with-timewaver\/","url":"https:\/\/timewaver.com\/international\/sk\/appointment-with-timewaver\/","name":"Appointment with TimeWaver - TimeWaver International","isPartOf":{"@id":"https:\/\/timewaver.com\/international\/sk\/#website"},"datePublished":"2023-09-04T10:15:05+00:00","dateModified":"2026-03-24T07:33:52+00:00","description":"Zarezervujte si bezplatn\u00e9 online stretnutie s TimeWaver: za\u017eite uk\u00e1\u017eky technol\u00f3gie Informa\u010dn\u00e9ho po\u013ea a objavte nov\u00e9 mo\u017enosti pre v\u00e1\u0161 \u017eivot a prax.","breadcrumb":{"@id":"https:\/\/timewaver.com\/international\/sk\/appointment-with-timewaver\/#breadcrumb"},"inLanguage":"sk-SK","potentialAction":[{"@type":"ReadAction","target":["https:\/\/timewaver.com\/international\/sk\/appointment-with-timewaver\/"]}]},{"@type":"BreadcrumbList","@id":"https:\/\/timewaver.com\/international\/sk\/appointment-with-timewaver\/#breadcrumb","itemListElement":[{"@type":"ListItem","position":1,"name":"Home","item":"https:\/\/timewaver.com\/international\/sk\/"},{"@type":"ListItem","position":2,"name":"Appointment with TimeWaver"}]},{"@type":"WebSite","@id":"https:\/\/timewaver.com\/international\/sk\/#website","url":"https:\/\/timewaver.com\/international\/sk\/","name":"TimeWaver International","description":"","publisher":{"@id":"https:\/\/timewaver.com\/international\/sk\/#organization"},"potentialAction":[{"@type":"SearchAction","target":{"@type":"EntryPoint","urlTemplate":"https:\/\/timewaver.com\/international\/sk\/?s={search_term_string}"},"query-input":{"@type":"PropertyValueSpecification","valueRequired":true,"valueName":"search_term_string"}}],"inLanguage":"sk-SK"},{"@type":"Organization","@id":"https:\/\/timewaver.com\/international\/sk\/#organization","name":"TimeWaver International","url":"https:\/\/timewaver.com\/international\/sk\/","logo":{"@type":"ImageObject","inLanguage":"sk-SK","@id":"https:\/\/timewaver.com\/international\/sk\/#\/schema\/logo\/image\/","url":"https:\/\/timewaver.com\/international\/wp-content\/uploads\/sites\/3\/2021\/11\/TW_Sonderlogo.svg","contentUrl":"https:\/\/timewaver.com\/international\/wp-content\/uploads\/sites\/3\/2021\/11\/TW_Sonderlogo.svg","width":234,"height":74,"caption":"TimeWaver International"},"image":{"@id":"https:\/\/timewaver.com\/international\/sk\/#\/schema\/logo\/image\/"}}]}},"jetpack_sharing_enabled":true,"_links":{"self":[{"href":"https:\/\/timewaver.com\/international\/sk\/wp-json\/wp\/v2\/pages\/39738","targetHints":{"allow":["GET"]}}],"collection":[{"href":"https:\/\/timewaver.com\/international\/sk\/wp-json\/wp\/v2\/pages"}],"about":[{"href":"https:\/\/timewaver.com\/international\/sk\/wp-json\/wp\/v2\/types\/page"}],"author":[{"embeddable":true,"href":"https:\/\/timewaver.com\/international\/sk\/wp-json\/wp\/v2\/users\/2"}],"replies":[{"embeddable":true,"href":"https:\/\/timewaver.com\/international\/sk\/wp-json\/wp\/v2\/comments?post=39738"}],"version-history":[{"count":4,"href":"https:\/\/timewaver.com\/international\/sk\/wp-json\/wp\/v2\/pages\/39738\/revisions"}],"predecessor-version":[{"id":73750,"href":"https:\/\/timewaver.com\/international\/sk\/wp-json\/wp\/v2\/pages\/39738\/revisions\/73750"}],"wp:attachment":[{"href":"https:\/\/timewaver.com\/international\/sk\/wp-json\/wp\/v2\/media?parent=39738"}],"curies":[{"name":"wp","href":"https:\/\/api.w.org\/{rel}","templated":true}]}}